{"id":123,"date":"2024-07-28T10:53:57","date_gmt":"2024-07-28T10:53:57","guid":{"rendered":"https:\/\/of-sunshine-tollers.de\/?page_id=123"},"modified":"2026-01-13T11:14:30","modified_gmt":"2026-01-13T11:14:30","slug":"mabelle","status":"publish","type":"page","link":"https:\/\/of-sunshine-tollers.de\/?page_id=123","title":{"rendered":"Hunter&#8217;s Moonlight Magic Moments Mabelle"},"content":{"rendered":"\n<figure class=\"wp-block-image aligncenter size-full is-resized\"><img loading=\"lazy\" decoding=\"async\" width=\"938\" height=\"703\" src=\"https:\/\/of-sunshine-tollers.de\/wp-content\/uploads\/2024\/07\/1-Mabel-4.jpg\" alt=\"\" class=\"wp-image-139\" style=\"width:314px;height:auto\" srcset=\"https:\/\/of-sunshine-tollers.de\/wp-content\/uploads\/2024\/07\/1-Mabel-4.jpg 938w, https:\/\/of-sunshine-tollers.de\/wp-content\/uploads\/2024\/07\/1-Mabel-4-300x225.jpg 300w, https:\/\/of-sunshine-tollers.de\/wp-content\/uploads\/2024\/07\/1-Mabel-4-768x576.jpg 768w\" sizes=\"auto, (max-width: 938px) 100vw, 938px\" \/><\/figure>\n\n\n\n<p class=\"has-text-align-center\"><strong>Mabelle ist meine Bodenlenkrakete.<\/strong><\/p>\n\n\n\n<p class=\"has-text-align-center\">Bei allem, was sie macht, hat sie eine unb\u00e4ndige Energie.<\/p>\n\n\n\n<p class=\"has-text-align-center\">Zudem besitzt Mabelle ein sehr hohes Ma\u00df an &#8222;will to please&#8220; und Gel\u00e4ndeh\u00e4rte.<\/p>\n\n\n\n<p class=\"has-text-align-center\">Sie liebt es, neue Dinge zu lernen und ist dabei sehr konzentriert.<\/p>\n\n\n\n<p class=\"has-text-align-center\">Ihre gr\u00f6\u00dfte Leidenschaft ist das Apportieren von Wild und Dummys.<\/p>\n\n\n\n<p class=\"has-text-align-center\">Ein Leben ohne Arbeit ist f\u00fcr Mabelle undenkbar.<\/p>\n\n\n\n<p class=\"has-text-align-center\">Ihrer Umwelt begegnet sie immer sanft und freundlich.<\/p>\n\n\n\n<p class=\"has-text-align-center\">Mabelle ist die Mutter von meinem A, B, D und F Wurf!<\/p>\n\n\n\n<hr class=\"wp-block-separator has-alpha-channel-opacity\"\/>\n\n\n\n<p class=\"has-text-align-center\">&nbsp;&nbsp;<strong>Fakten:<\/strong><\/p>\n\n\n\n<p class=\"has-text-align-center\">Name: Hunter\u00b4s Moonlight Magic Moment Mabelle<\/p>\n\n\n\n<p class=\"has-text-align-center\">Geburtstag: 06.02.2016<\/p>\n\n\n\n<p class=\"has-text-align-center\">Zuchtbuchnummer: DRC-T 16-1066<\/p>\n\n\n\n<p class=\"has-text-align-center\">Stammbaum: <a href=\"https:\/\/nsdtr.breedarchive.com\/animal\/view\/hunters-moonlight-magic-moments-mabelle-bb6c7aef-85f3-4af9-8dcb-c191e8efe898\">breed archive<\/a><\/p>\n\n\n\n<p class=\"has-text-align-center\">Gr\u00f6\u00dfe: 50 cm<\/p>\n\n\n\n<p class=\"has-text-align-center\">Gewicht: 18 Kg<\/p>\n\n\n\n<p class=\"has-text-align-center\">H\u00fcften: A2\/A2<\/p>\n\n\n\n<p class=\"has-text-align-center\">Ellbogen 0\/0<\/p>\n\n\n\n<p class=\"has-text-align-center\">Augen: RD: frei, PRA: frei, HC frei (Juli 2017)<\/p>\n\n\n\n<p class=\"has-text-align-center\">Gentest: prcd\/PRA Tr\u00e4ger<\/p>\n\n\n\n<p class=\"has-text-align-center\">Zuchtzulassung am 11.08.2017&nbsp;<\/p>\n\n\n\n<figure class=\"wp-block-image aligncenter size-full is-resized\"><img loading=\"lazy\" decoding=\"async\" width=\"938\" height=\"625\" src=\"https:\/\/of-sunshine-tollers.de\/wp-content\/uploads\/2024\/07\/3-Mabel.jpg\" alt=\"\" class=\"wp-image-143\" style=\"width:464px;height:auto\" srcset=\"https:\/\/of-sunshine-tollers.de\/wp-content\/uploads\/2024\/07\/3-Mabel.jpg 938w, https:\/\/of-sunshine-tollers.de\/wp-content\/uploads\/2024\/07\/3-Mabel-300x200.jpg 300w, https:\/\/of-sunshine-tollers.de\/wp-content\/uploads\/2024\/07\/3-Mabel-768x512.jpg 768w\" sizes=\"auto, (max-width: 938px) 100vw, 938px\" \/><\/figure>\n\n\n\n<p class=\"has-text-align-center\"><strong>Formwert: <\/strong>am 23.07.2017 bei Petra Banach<\/p>\n\n\n\n<p class=\"has-text-align-center\">Harmonisch aufgebaute H\u00fcndin, femininer Kopf mit typischem Ausdruck, sllel.g. \u00e4u\u00dfere Linien,&nbsp;langer Hals, s.g. ausgeformter Rippenbogen,&nbsp; s.g. Schulter- und Oberarml\u00e4nge, ausr. Hinterhandwinkelung,&nbsp;gepflegtes Haarkleid, l\u00e4uft und bewegt sich frei mit gutem Schub, nahezu parallel, <strong>sehr angenehmes Wesen<\/strong><\/p>\n\n\n\n<figure class=\"wp-block-image aligncenter size-full is-resized\"><img loading=\"lazy\" decoding=\"async\" width=\"1600\" height=\"1114\" src=\"https:\/\/of-sunshine-tollers.de\/wp-content\/uploads\/2024\/10\/IMG-20241010-WA0003.jpg\" alt=\"\" class=\"wp-image-680\" style=\"width:435px;height:auto\" srcset=\"https:\/\/of-sunshine-tollers.de\/wp-content\/uploads\/2024\/10\/IMG-20241010-WA0003.jpg 1600w, https:\/\/of-sunshine-tollers.de\/wp-content\/uploads\/2024\/10\/IMG-20241010-WA0003-300x209.jpg 300w, https:\/\/of-sunshine-tollers.de\/wp-content\/uploads\/2024\/10\/IMG-20241010-WA0003-1024x713.jpg 1024w, https:\/\/of-sunshine-tollers.de\/wp-content\/uploads\/2024\/10\/IMG-20241010-WA0003-768x535.jpg 768w, https:\/\/of-sunshine-tollers.de\/wp-content\/uploads\/2024\/10\/IMG-20241010-WA0003-1536x1069.jpg 1536w\" sizes=\"auto, (max-width: 1600px) 100vw, 1600px\" \/><\/figure>\n\n\n\n<p class=\"has-text-align-center\"><strong>Wesenstest<\/strong>: 30.04.2017 bei Brigitte Weber<\/p>\n\n\n\n<p class=\"has-text-align-center\">Die 14 Monate alte Toller-H\u00fcndin ist temperamentvoll, sie hat ein sehr ausgepr\u00e4gtes Bewegungsverhalten.<\/p>\n\n\n\n<p class=\"has-text-align-center\">Sie ist sehr aufmerksam und hat gro\u00dfe Ausdauer. Ihr Beute-Trage- und Zutrageverhalten ist in hohem Ma\u00dfe zu sehen. Die Beziehung zu ihrer Besitzerin ist sehr gut. Die H\u00fcndin ordnet sich problemlos unter.<\/p>\n\n\n\n<p class=\"has-text-align-center\">Bei Schuss ist sie nicht beeindruckt, insgesamt sicher, l\u00e4uft zum Sch\u00fctzen.<\/p>\n\n\n\n<p class=\"has-text-align-center\">Die optischen und akustischen Reize des Parcours schaut sie sich zusammen mit ihrer Besitzerin an.<\/p>\n\n\n\n<p class=\"has-text-align-center\"><strong>Eine freundliche, aktive H\u00fcndin!<\/strong><\/p>\n\n\n\n<figure class=\"wp-block-image aligncenter size-full is-resized\"><img loading=\"lazy\" decoding=\"async\" width=\"200\" height=\"334\" src=\"https:\/\/of-sunshine-tollers.de\/wp-content\/uploads\/2024\/07\/5-Mabel.jpg\" alt=\"\" class=\"wp-image-145\" style=\"width:308px;height:auto\" srcset=\"https:\/\/of-sunshine-tollers.de\/wp-content\/uploads\/2024\/07\/5-Mabel.jpg 200w, https:\/\/of-sunshine-tollers.de\/wp-content\/uploads\/2024\/07\/5-Mabel-180x300.jpg 180w\" sizes=\"auto, (max-width: 200px) 100vw, 200px\" \/><\/figure>\n\n\n\n<p class=\"has-text-align-center\"><strong>Work:<\/strong><\/p>\n\n\n\n<p class=\"has-text-align-center\">Mabelle hat als j\u00fcngster und bester Hund ihre erste Pr\u00fcfung, die Dummy A,&nbsp;am 03.03.2017 bestanden.&nbsp;Somit war sie bei dieser Pr\u00fcfung Suchensieger! &nbsp;Bei ihrem ersten Workingtest Anf\u00e4nger&nbsp;hat sie den dritten Platz erreicht,&nbsp;bei ihrem zweiten Start wurde ihr der Judges Choise zugesprochen.<\/p>\n\n\n\n<p class=\"has-text-align-center\">Am 28.10.2018 ist Mabelle auf ihrem ersten Workingtest F gestartet und hat den 4. Platz belegt!<\/p>\n\n\n\n<p class=\"has-text-align-center\">Am 07.03.2020 gewinnt Mabelle die F beim Spessart Cup!<\/p>\n\n\n\n<p class=\"has-text-align-center\">Mabelle besteht sehr gut die Dummy O im Saarland!&nbsp;<\/p>\n\n\n\n<p class=\"has-text-align-center\">Jetzt trifft man uns bei div. WT Open&nbsp;<\/p>\n\n\n\n<p class=\"has-text-align-center\">M\u00e4rz 2022:<strong> Mabelle startet beim German Cup!<\/strong><\/p>\n","protected":false},"excerpt":{"rendered":"<p>Mabelle ist meine Bodenlenkrakete. Bei allem, was sie macht, hat sie eine unb\u00e4ndige Energie. Zudem besitzt Mabelle ein sehr hohes [&hellip;]<\/p>\n","protected":false},"author":1,"featured_media":0,"parent":76,"menu_order":0,"comment_status":"closed","ping_status":"closed","template":"","meta":{"site-sidebar-layout":"default","site-content-layout":"","ast-site-content-layout":"default","site-content-style":"default","site-sidebar-style":"default","ast-global-header-display":"","ast-banner-title-visibility":"","ast-main-header-display":"","ast-hfb-above-header-display":"","ast-hfb-below-header-display":"","ast-hfb-mobile-header-display":"","site-post-title":"","ast-breadcrumbs-content":"","ast-featured-img":"","footer-sml-layout":"","ast-disable-related-posts":"","theme-transparent-header-meta":"","adv-header-id-meta":"","stick-header-meta":"","header-above-stick-meta":"","header-main-stick-meta":"","header-below-stick-meta":"","astra-migrate-meta-layouts":"default","ast-page-background-enabled":"default","ast-page-background-meta":{"desktop":{"background-color":"var(--ast-global-color-4)","background-image":"","background-repeat":"repeat","background-position":"center center","background-size":"auto","background-attachment":"scroll","background-type":"","background-media":"","overlay-type":"","overlay-color":"","overlay-opacity":"","overlay-gradient":""},"tablet":{"background-color":"","background-image":"","background-repeat":"repeat","background-position":"center center","background-size":"auto","background-attachment":"scroll","background-type":"","background-media":"","overlay-type":"","overlay-color":"","overlay-opacity":"","overlay-gradient":""},"mobile":{"background-color":"","background-image":"","background-repeat":"repeat","background-position":"center center","background-size":"auto","background-attachment":"scroll","background-type":"","background-media":"","overlay-type":"","overlay-color":"","overlay-opacity":"","overlay-gradient":""}},"ast-content-background-meta":{"desktop":{"background-color":"var(--ast-global-color-5)","background-image":"","background-repeat":"repeat","background-position":"center center","background-size":"auto","background-attachment":"scroll","background-type":"","background-media":"","overlay-type":"","overlay-color":"","overlay-opacity":"","overlay-gradient":""},"tablet":{"background-color":"var(--ast-global-color-5)","background-image":"","background-repeat":"repeat","background-position":"center center","background-size":"auto","background-attachment":"scroll","background-type":"","background-media":"","overlay-type":"","overlay-color":"","overlay-opacity":"","overlay-gradient":""},"mobile":{"background-color":"var(--ast-global-color-5)","background-image":"","background-repeat":"repeat","background-position":"center center","background-size":"auto","background-attachment":"scroll","background-type":"","background-media":"","overlay-type":"","overlay-color":"","overlay-opacity":"","overlay-gradient":""}},"footnotes":""},"class_list":["post-123","page","type-page","status-publish","hentry"],"_links":{"self":[{"href":"https:\/\/of-sunshine-tollers.de\/index.php?rest_route=\/wp\/v2\/pages\/123","targetHints":{"allow":["GET"]}}],"collection":[{"href":"https:\/\/of-sunshine-tollers.de\/index.php?rest_route=\/wp\/v2\/pages"}],"about":[{"href":"https:\/\/of-sunshine-tollers.de\/index.php?rest_route=\/wp\/v2\/types\/page"}],"author":[{"embeddable":true,"href":"https:\/\/of-sunshine-tollers.de\/index.php?rest_route=\/wp\/v2\/users\/1"}],"replies":[{"embeddable":true,"href":"https:\/\/of-sunshine-tollers.de\/index.php?rest_route=%2Fwp%2Fv2%2Fcomments&post=123"}],"version-history":[{"count":12,"href":"https:\/\/of-sunshine-tollers.de\/index.php?rest_route=\/wp\/v2\/pages\/123\/revisions"}],"predecessor-version":[{"id":945,"href":"https:\/\/of-sunshine-tollers.de\/index.php?rest_route=\/wp\/v2\/pages\/123\/revisions\/945"}],"up":[{"embeddable":true,"href":"https:\/\/of-sunshine-tollers.de\/index.php?rest_route=\/wp\/v2\/pages\/76"}],"wp:attachment":[{"href":"https:\/\/of-sunshine-tollers.de\/index.php?rest_route=%2Fwp%2Fv2%2Fmedia&parent=123"}],"curies":[{"name":"wp","href":"https:\/\/api.w.org\/{rel}","templated":true}]}}