{"id":154,"date":"2024-07-29T13:28:35","date_gmt":"2024-07-29T13:28:35","guid":{"rendered":"https:\/\/of-sunshine-tollers.de\/?page_id=154"},"modified":"2026-01-13T11:15:53","modified_gmt":"2026-01-13T11:15:53","slug":"palina","status":"publish","type":"page","link":"https:\/\/of-sunshine-tollers.de\/?page_id=154","title":{"rendered":"Hunter&#8217;s Moonlight Pancake Palina of Sunshine Tollers"},"content":{"rendered":"\n<figure class=\"wp-block-image aligncenter size-full is-resized\"><img loading=\"lazy\" decoding=\"async\" width=\"938\" height=\"703\" src=\"https:\/\/of-sunshine-tollers.de\/wp-content\/uploads\/2024\/07\/6-Palina.jpg\" alt=\"\" class=\"wp-image-155\" style=\"width:391px;height:auto\" srcset=\"https:\/\/of-sunshine-tollers.de\/wp-content\/uploads\/2024\/07\/6-Palina.jpg 938w, https:\/\/of-sunshine-tollers.de\/wp-content\/uploads\/2024\/07\/6-Palina-300x225.jpg 300w, https:\/\/of-sunshine-tollers.de\/wp-content\/uploads\/2024\/07\/6-Palina-768x576.jpg 768w\" sizes=\"auto, (max-width: 938px) 100vw, 938px\" \/><\/figure>\n\n\n\n<p class=\"has-text-align-center\"><strong>Palina ist mein fr\u00f6hlicher Irwisch<\/strong><\/p>\n\n\n\n<p class=\"has-text-align-center\">Sie geht voller Energie und mutig durchs Leben. Etwas Neues zu lernen, f\u00e4llt ihr leicht und sie besitzt ein hohes Ma\u00df an &#8222;will to please&#8220;.<\/p>\n\n\n\n<p class=\"has-text-align-center\">Das Apportieren von Dummys und Wild bereitet ihr ein gro\u00dfes Vergn\u00fcgen! Ohne Arbeit w\u00e4re sie nicht gl\u00fccklich.<\/p>\n\n\n\n<p class=\"has-text-align-center\">Palina ist eine fr\u00f6hliche, freche und sehr verschmuste H\u00fcndin!<\/p>\n\n\n\n<p class=\"has-text-align-center\">Sie ist die Mutter von meinem C, E und G Wurf!&nbsp;<\/p>\n\n\n\n<figure class=\"wp-block-image aligncenter size-large is-resized\"><img loading=\"lazy\" decoding=\"async\" width=\"634\" height=\"1024\" src=\"https:\/\/of-sunshine-tollers.de\/wp-content\/uploads\/2024\/10\/IMG-20241009-WA0006-634x1024.jpg\" alt=\"\" class=\"wp-image-658\" style=\"width:398px;height:auto\" srcset=\"https:\/\/of-sunshine-tollers.de\/wp-content\/uploads\/2024\/10\/IMG-20241009-WA0006-634x1024.jpg 634w, https:\/\/of-sunshine-tollers.de\/wp-content\/uploads\/2024\/10\/IMG-20241009-WA0006-186x300.jpg 186w, https:\/\/of-sunshine-tollers.de\/wp-content\/uploads\/2024\/10\/IMG-20241009-WA0006-768x1241.jpg 768w, https:\/\/of-sunshine-tollers.de\/wp-content\/uploads\/2024\/10\/IMG-20241009-WA0006-950x1536.jpg 950w, https:\/\/of-sunshine-tollers.de\/wp-content\/uploads\/2024\/10\/IMG-20241009-WA0006.jpg 990w\" sizes=\"auto, (max-width: 634px) 100vw, 634px\" \/><\/figure>\n\n\n\n<p class=\"has-text-align-center\"><strong>Fakten:<\/strong><\/p>\n\n\n\n<p class=\"has-text-align-center\">Name: Hunter\u00b4s Moonlight Pancake Palina to Sunshine Tollers<\/p>\n\n\n\n<p class=\"has-text-align-center\">Geburtstag: 27.06.2017<\/p>\n\n\n\n<p class=\"has-text-align-center\">Zuchtbuchnummer: DRC-T 17-1260&nbsp;<\/p>\n\n\n\n<p class=\"has-text-align-center\">Stammbaum: <a href=\"https:\/\/nsdtr.breedarchive.com\/animal\/view\/hunters-moonlight-pancake-palina-to-sunshine-tollers-e2c3d972-d63f-46bd-97af-0103666a0922\">breed archive<\/a><\/p>\n\n\n\n<p class=\"has-text-align-center\">Gr\u00f6\u00dfe: 50 cm<\/p>\n\n\n\n<p class=\"has-text-align-center\">Gewicht: 16 kg<\/p>\n\n\n\n<p class=\"has-text-align-center\">H\u00fcften: A1\/A1<\/p>\n\n\n\n<p class=\"has-text-align-center\">Ellbogen:0\/0<\/p>\n\n\n\n<p class=\"has-text-align-center\">Augen: RD: frei, PRA:frei, HC frei ( September 2018)<\/p>\n\n\n\n<p class=\"has-text-align-center\">Gentest: prcd\/PRA Tr\u00e4ger<\/p>\n\n\n\n<p class=\"has-text-align-center\">Zuchtzulassung vom 27.11.2018<\/p>\n\n\n\n<figure class=\"wp-block-image aligncenter size-large is-resized\"><img loading=\"lazy\" decoding=\"async\" width=\"929\" height=\"1024\" src=\"https:\/\/of-sunshine-tollers.de\/wp-content\/uploads\/2024\/07\/8-Palina-1-929x1024.jpg\" alt=\"\" class=\"wp-image-157\" style=\"width:528px;height:auto\" srcset=\"https:\/\/of-sunshine-tollers.de\/wp-content\/uploads\/2024\/07\/8-Palina-1-929x1024.jpg 929w, https:\/\/of-sunshine-tollers.de\/wp-content\/uploads\/2024\/07\/8-Palina-1-272x300.jpg 272w, https:\/\/of-sunshine-tollers.de\/wp-content\/uploads\/2024\/07\/8-Palina-1-768x847.jpg 768w, https:\/\/of-sunshine-tollers.de\/wp-content\/uploads\/2024\/07\/8-Palina-1.jpg 938w\" sizes=\"auto, (max-width: 929px) 100vw, 929px\" \/><\/figure>\n\n\n\n<p class=\"has-text-align-center\"><strong>Wesenstest<\/strong>: am 18.10.2018 bei Brigitte Weber<\/p>\n\n\n\n<p class=\"has-text-align-center\">Die 16 Monate alte H\u00fcndin ist temperamentvoll, sie hat sehr ausgepr\u00e4gtes Bewegungsverhalten.<\/p>\n\n\n\n<p class=\"has-text-align-center\">Sie ist unerschrocken, sehr ausdauernd und aufmerksam.<\/p>\n\n\n\n<p class=\"has-text-align-center\">Von Beute ist sie begeistert. Sie nimmt unverz\u00fcglich die Beutegegenst\u00e4nde auf und tr\u00e4gt sie zu ihrer Besitzerin.<\/p>\n\n\n\n<p class=\"has-text-align-center\">Die Bindung an ihre Besitzerin ist sehr gut und vertrauensvoll.<\/p>\n\n\n\n<p class=\"has-text-align-center\">Sie hat eine sehr gute Unterordnungsbereitschaft.<\/p>\n\n\n\n<p class=\"has-text-align-center\">Menschen gegen\u00fcber ist sie sehr aufgeschlossen, freundlich und sicher. Im engen Menschenkreis ordnet sie sich unter.<\/p>\n\n\n\n<p class=\"has-text-align-center\">Beim Schuss sicher und aufmerksam, sie sucht sehr ausdauernd nach Beute.<\/p>\n\n\n\n<p class=\"has-text-align-center\">Auf dem Parcours mit den optischen und akustischen Reizen ist sie voll belastbar<\/p>\n\n\n\n<p class=\"has-text-align-center\"><strong>Eine fr\u00f6hliche, aktive,&nbsp;sehr arbeitsfreudige H\u00fcndin.<\/strong><\/p>\n\n\n\n<figure class=\"wp-block-image aligncenter size-large is-resized\"><img loading=\"lazy\" decoding=\"async\" width=\"1024\" height=\"663\" src=\"https:\/\/of-sunshine-tollers.de\/wp-content\/uploads\/2024\/07\/10-Palina-1-1024x663.jpg\" alt=\"\" class=\"wp-image-159\" style=\"width:524px;height:auto\" srcset=\"https:\/\/of-sunshine-tollers.de\/wp-content\/uploads\/2024\/07\/10-Palina-1-1024x663.jpg 1024w, https:\/\/of-sunshine-tollers.de\/wp-content\/uploads\/2024\/07\/10-Palina-1-300x194.jpg 300w, https:\/\/of-sunshine-tollers.de\/wp-content\/uploads\/2024\/07\/10-Palina-1-768x497.jpg 768w, https:\/\/of-sunshine-tollers.de\/wp-content\/uploads\/2024\/07\/10-Palina-1.jpg 1250w\" sizes=\"auto, (max-width: 1024px) 100vw, 1024px\" \/><\/figure>\n\n\n\n<p class=\"has-text-align-center\"><strong>&nbsp;Work:<\/strong><\/p>\n\n\n\n<p class=\"has-text-align-center\">&nbsp;Palina hat am 02.09.2018 ihre erste Pr\u00fcfung, die Dummy A, bestanden.<\/p>\n\n\n\n<p class=\"has-text-align-center\">&nbsp;Sie belegte, als j\u00fcngste H\u00fcndin, den 2. Platz von 18 Teams.<\/p>\n\n\n\n<p class=\"has-text-align-center\">Im August 2019 ist sie auf ihrem ersten A Working Test gestartet, Gr\u00fcndeln im Forst, ein Wasser WT.<\/p>\n\n\n\n<p class=\"has-text-align-center\">Sie belegte den 1. Platz!&nbsp;<\/p>\n\n\n\n<p class=\"has-text-align-center\">Palina ist bei ihren ersten WT F auf den 3. Platz gekommen und den 2. WT F hat sie gewonnen! Jetzt trifft man uns auf div. WT O!&nbsp;&nbsp; Am 29.02.2020 absolvierte sie ihre erste jagdliche Pr\u00fcfung, die Tolling Bronze, mit 40 von 40 m\u00f6glichen Punkten!<\/p>\n\n\n\n<figure class=\"wp-block-image aligncenter size-full is-resized\"><img loading=\"lazy\" decoding=\"async\" width=\"917\" height=\"688\" src=\"https:\/\/of-sunshine-tollers.de\/wp-content\/uploads\/2024\/07\/11-Palina.jpg\" alt=\"\" class=\"wp-image-160\" style=\"width:477px;height:auto\" srcset=\"https:\/\/of-sunshine-tollers.de\/wp-content\/uploads\/2024\/07\/11-Palina.jpg 917w, https:\/\/of-sunshine-tollers.de\/wp-content\/uploads\/2024\/07\/11-Palina-300x225.jpg 300w, https:\/\/of-sunshine-tollers.de\/wp-content\/uploads\/2024\/07\/11-Palina-768x576.jpg 768w\" sizes=\"auto, (max-width: 917px) 100vw, 917px\" \/><\/figure>\n","protected":false},"excerpt":{"rendered":"<p>Palina ist mein fr\u00f6hlicher Irwisch Sie geht voller Energie und mutig durchs Leben. Etwas Neues zu lernen, f\u00e4llt ihr leicht [&hellip;]<\/p>\n","protected":false},"author":1,"featured_media":0,"parent":76,"menu_order":0,"comment_status":"closed","ping_status":"closed","template":"","meta":{"site-sidebar-layout":"default","site-content-layout":"","ast-site-content-layout":"default","site-content-style":"default","site-sidebar-style":"default","ast-global-header-display":"","ast-banner-title-visibility":"","ast-main-header-display":"","ast-hfb-above-header-display":"","ast-hfb-below-header-display":"","ast-hfb-mobile-header-display":"","site-post-title":"","ast-breadcrumbs-content":"","ast-featured-img":"","footer-sml-layout":"","ast-disable-related-posts":"","theme-transparent-header-meta":"","adv-header-id-meta":"","stick-header-meta":"","header-above-stick-meta":"","header-main-stick-meta":"","header-below-stick-meta":"","astra-migrate-meta-layouts":"default","ast-page-background-enabled":"default","ast-page-background-meta":{"desktop":{"background-color":"var(--ast-global-color-4)","background-image":"","background-repeat":"repeat","background-position":"center center","background-size":"auto","background-attachment":"scroll","background-type":"","background-media":"","overlay-type":"","overlay-color":"","overlay-opacity":"","overlay-gradient":""},"tablet":{"background-color":"","background-image":"","background-repeat":"repeat","background-position":"center center","background-size":"auto","background-attachment":"scroll","background-type":"","background-media":"","overlay-type":"","overlay-color":"","overlay-opacity":"","overlay-gradient":""},"mobile":{"background-color":"","background-image":"","background-repeat":"repeat","background-position":"center center","background-size":"auto","background-attachment":"scroll","background-type":"","background-media":"","overlay-type":"","overlay-color":"","overlay-opacity":"","overlay-gradient":""}},"ast-content-background-meta":{"desktop":{"background-color":"var(--ast-global-color-5)","background-image":"","background-repeat":"repeat","background-position":"center center","background-size":"auto","background-attachment":"scroll","background-type":"","background-media":"","overlay-type":"","overlay-color":"","overlay-opacity":"","overlay-gradient":""},"tablet":{"background-color":"var(--ast-global-color-5)","background-image":"","background-repeat":"repeat","background-position":"center center","background-size":"auto","background-attachment":"scroll","background-type":"","background-media":"","overlay-type":"","overlay-color":"","overlay-opacity":"","overlay-gradient":""},"mobile":{"background-color":"var(--ast-global-color-5)","background-image":"","background-repeat":"repeat","background-position":"center center","background-size":"auto","background-attachment":"scroll","background-type":"","background-media":"","overlay-type":"","overlay-color":"","overlay-opacity":"","overlay-gradient":""}},"footnotes":""},"class_list":["post-154","page","type-page","status-publish","hentry"],"_links":{"self":[{"href":"https:\/\/of-sunshine-tollers.de\/index.php?rest_route=\/wp\/v2\/pages\/154","targetHints":{"allow":["GET"]}}],"collection":[{"href":"https:\/\/of-sunshine-tollers.de\/index.php?rest_route=\/wp\/v2\/pages"}],"about":[{"href":"https:\/\/of-sunshine-tollers.de\/index.php?rest_route=\/wp\/v2\/types\/page"}],"author":[{"embeddable":true,"href":"https:\/\/of-sunshine-tollers.de\/index.php?rest_route=\/wp\/v2\/users\/1"}],"replies":[{"embeddable":true,"href":"https:\/\/of-sunshine-tollers.de\/index.php?rest_route=%2Fwp%2Fv2%2Fcomments&post=154"}],"version-history":[{"count":8,"href":"https:\/\/of-sunshine-tollers.de\/index.php?rest_route=\/wp\/v2\/pages\/154\/revisions"}],"predecessor-version":[{"id":947,"href":"https:\/\/of-sunshine-tollers.de\/index.php?rest_route=\/wp\/v2\/pages\/154\/revisions\/947"}],"up":[{"embeddable":true,"href":"https:\/\/of-sunshine-tollers.de\/index.php?rest_route=\/wp\/v2\/pages\/76"}],"wp:attachment":[{"href":"https:\/\/of-sunshine-tollers.de\/index.php?rest_route=%2Fwp%2Fv2%2Fmedia&parent=154"}],"curies":[{"name":"wp","href":"https:\/\/api.w.org\/{rel}","templated":true}]}}