{"id":163,"date":"2024-07-29T13:33:36","date_gmt":"2024-07-29T13:33:36","guid":{"rendered":"https:\/\/of-sunshine-tollers.de\/?page_id=163"},"modified":"2026-03-26T19:19:50","modified_gmt":"2026-03-26T19:19:50","slug":"elody","status":"publish","type":"page","link":"https:\/\/of-sunshine-tollers.de\/?page_id=163","title":{"rendered":"Energy fox Elody of Sunshine Tollers"},"content":{"rendered":"\n<figure class=\"wp-block-image aligncenter size-large is-resized\"><img loading=\"lazy\" decoding=\"async\" width=\"1024\" height=\"683\" src=\"https:\/\/of-sunshine-tollers.de\/wp-content\/uploads\/2024\/07\/12-Elody-1024x683.jpg\" alt=\"\" class=\"wp-image-164\" style=\"width:504px;height:auto\" srcset=\"https:\/\/of-sunshine-tollers.de\/wp-content\/uploads\/2024\/07\/12-Elody-1024x683.jpg 1024w, https:\/\/of-sunshine-tollers.de\/wp-content\/uploads\/2024\/07\/12-Elody-300x200.jpg 300w, https:\/\/of-sunshine-tollers.de\/wp-content\/uploads\/2024\/07\/12-Elody-768x512.jpg 768w, https:\/\/of-sunshine-tollers.de\/wp-content\/uploads\/2024\/07\/12-Elody.jpg 1375w\" sizes=\"auto, (max-width: 1024px) 100vw, 1024px\" \/><\/figure>\n\n\n\n<p class=\"has-text-align-center\"><strong>Elody ist meine s\u00fc\u00dfe Rakete!<\/strong>&nbsp;<\/p>\n\n\n\n<p class=\"has-text-align-center\">Sie wurde in meine Hand geboren und ist Palinas Tochter.<\/p>\n\n\n\n<p class=\"has-text-align-center\">Elody hat eine sehr gro\u00dfe soziale Kompetenz, will immer ALLES richtig machen und liebt es, mit Dummys zu arbeiten.<\/p>\n\n\n\n<p class=\"has-text-align-center\">Dabei ist sie rasend schnell, sehr gel\u00e4ndehart, mutig und meistens sehr brav.<\/p>\n\n\n\n<p class=\"has-text-align-center\">Au\u00dferdem ist sie sehr verschmust, kuschelig, liebt alle Menschen und ist dabei manchmal etwas aufdringlich.&nbsp;&nbsp;<\/p>\n\n\n\n<p class=\"has-text-align-center\">Sie ist die Mutter von meinem H und J Wurf!&nbsp;<\/p>\n\n\n\n<figure class=\"wp-block-image aligncenter size-large is-resized\"><img loading=\"lazy\" decoding=\"async\" width=\"908\" height=\"1024\" src=\"https:\/\/of-sunshine-tollers.de\/wp-content\/uploads\/2024\/07\/13-Elody-908x1024.jpg\" alt=\"\" class=\"wp-image-165\" style=\"width:420px;height:auto\" srcset=\"https:\/\/of-sunshine-tollers.de\/wp-content\/uploads\/2024\/07\/13-Elody-908x1024.jpg 908w, https:\/\/of-sunshine-tollers.de\/wp-content\/uploads\/2024\/07\/13-Elody-266x300.jpg 266w, https:\/\/of-sunshine-tollers.de\/wp-content\/uploads\/2024\/07\/13-Elody-768x866.jpg 768w, https:\/\/of-sunshine-tollers.de\/wp-content\/uploads\/2024\/07\/13-Elody.jpg 917w\" sizes=\"auto, (max-width: 908px) 100vw, 908px\" \/><\/figure>\n\n\n\n<p class=\"has-text-align-center\"><strong>Fakten:&nbsp;<\/strong><\/p>\n\n\n\n<p class=\"has-text-align-center\">Name: Energy fox Elody of Sunshine Tollers<\/p>\n\n\n\n<p class=\"has-text-align-center\">Geburtstag: 31.10.2021<\/p>\n\n\n\n<p class=\"has-text-align-center\">Zuchtbuchnummer: DRC-T 21-1901<\/p>\n\n\n\n<p class=\"has-text-align-center\">Stammbaum: <a href=\"https:\/\/nsdtr.breedarchive.com\/animal\/view\/energy-fox-elody-of-sunshine-tollers-b81f3895-c34e-474c-a730-5bc6637db760\">breed archive<\/a><\/p>\n\n\n\n<p class=\"has-text-align-center\">Gr\u00f6\u00dfe: 45 cm<\/p>\n\n\n\n<p class=\"has-text-align-center\">Gewicht: 15 Kg<\/p>\n\n\n\n<p class=\"has-text-align-center\">H\u00fcften: A2\/A2<\/p>\n\n\n\n<p class=\"has-text-align-center\">Ellbogen: 0\/0<\/p>\n\n\n\n<p class=\"has-text-align-center\">Augen: RD frei, PRA frei, HC frei (30.11.22)<\/p>\n\n\n\n<p class=\"has-text-align-center\">Gentest: prcd\/PRA frei, CEA Tr\u00e4ger, DEN frei, JADD frei, PCD Tr\u00e4ger<\/p>\n\n\n\n<p class=\"has-text-align-center\">Zuchtzulassung am 14.09.2023<\/p>\n\n\n\n<hr class=\"wp-block-separator has-alpha-channel-opacity\"\/>\n\n\n\n<p class=\"has-text-align-center\"><strong>Formwert: Vorz\u00fcglich<\/strong>&nbsp;<\/p>\n\n\n\n<hr class=\"wp-block-separator has-alpha-channel-opacity\"\/>\n\n\n\n<figure class=\"wp-block-image aligncenter size-large is-resized\"><img loading=\"lazy\" decoding=\"async\" width=\"819\" height=\"1024\" src=\"https:\/\/of-sunshine-tollers.de\/wp-content\/uploads\/2024\/10\/IMG-20241009-WA0003-819x1024.jpg\" alt=\"\" class=\"wp-image-650\" style=\"width:439px;height:auto\" srcset=\"https:\/\/of-sunshine-tollers.de\/wp-content\/uploads\/2024\/10\/IMG-20241009-WA0003-819x1024.jpg 819w, https:\/\/of-sunshine-tollers.de\/wp-content\/uploads\/2024\/10\/IMG-20241009-WA0003-240x300.jpg 240w, https:\/\/of-sunshine-tollers.de\/wp-content\/uploads\/2024\/10\/IMG-20241009-WA0003-768x960.jpg 768w, https:\/\/of-sunshine-tollers.de\/wp-content\/uploads\/2024\/10\/IMG-20241009-WA0003-1229x1536.jpg 1229w, https:\/\/of-sunshine-tollers.de\/wp-content\/uploads\/2024\/10\/IMG-20241009-WA0003.jpg 1280w\" sizes=\"auto, (max-width: 819px) 100vw, 819px\" \/><\/figure>\n\n\n\n<p class=\"has-text-align-center\"><strong>Work<\/strong>:<\/p>\n\n\n\n<p class=\"has-text-align-center\">Elody besteht am 02.10.2022 die Dummy A sehr gut und im Fr\u00fchjahr ihren ersten WT A vorz\u00fcglich!<\/p>\n\n\n\n<p class=\"has-text-align-center\">Jetzt trifft man uns auf diversen WT F.<\/p>\n\n\n\n<figure class=\"wp-block-image aligncenter size-full is-resized\"><img loading=\"lazy\" decoding=\"async\" width=\"917\" height=\"926\" src=\"https:\/\/of-sunshine-tollers.de\/wp-content\/uploads\/2024\/07\/14-Elody.jpg\" alt=\"\" class=\"wp-image-166\" style=\"width:419px;height:auto\" srcset=\"https:\/\/of-sunshine-tollers.de\/wp-content\/uploads\/2024\/07\/14-Elody.jpg 917w, https:\/\/of-sunshine-tollers.de\/wp-content\/uploads\/2024\/07\/14-Elody-297x300.jpg 297w, https:\/\/of-sunshine-tollers.de\/wp-content\/uploads\/2024\/07\/14-Elody-150x150.jpg 150w, https:\/\/of-sunshine-tollers.de\/wp-content\/uploads\/2024\/07\/14-Elody-768x776.jpg 768w\" sizes=\"auto, (max-width: 917px) 100vw, 917px\" \/><\/figure>\n\n\n\n<p><\/p>\n","protected":false},"excerpt":{"rendered":"<p>Elody ist meine s\u00fc\u00dfe Rakete!&nbsp; Sie wurde in meine Hand geboren und ist Palinas Tochter. Elody hat eine sehr gro\u00dfe [&hellip;]<\/p>\n","protected":false},"author":1,"featured_media":0,"parent":76,"menu_order":0,"comment_status":"closed","ping_status":"closed","template":"","meta":{"site-sidebar-layout":"default","site-content-layout":"","ast-site-content-layout":"default","site-content-style":"default","site-sidebar-style":"default","ast-global-header-display":"","ast-banner-title-visibility":"","ast-main-header-display":"","ast-hfb-above-header-display":"","ast-hfb-below-header-display":"","ast-hfb-mobile-header-display":"","site-post-title":"","ast-breadcrumbs-content":"","ast-featured-img":"","footer-sml-layout":"","ast-disable-related-posts":"","theme-transparent-header-meta":"","adv-header-id-meta":"","stick-header-meta":"","header-above-stick-meta":"","header-main-stick-meta":"","header-below-stick-meta":"","astra-migrate-meta-layouts":"default","ast-page-background-enabled":"default","ast-page-background-meta":{"desktop":{"background-color":"var(--ast-global-color-4)","background-image":"","background-repeat":"repeat","background-position":"center center","background-size":"auto","background-attachment":"scroll","background-type":"","background-media":"","overlay-type":"","overlay-color":"","overlay-opacity":"","overlay-gradient":""},"tablet":{"background-color":"","background-image":"","background-repeat":"repeat","background-position":"center center","background-size":"auto","background-attachment":"scroll","background-type":"","background-media":"","overlay-type":"","overlay-color":"","overlay-opacity":"","overlay-gradient":""},"mobile":{"background-color":"","background-image":"","background-repeat":"repeat","background-position":"center center","background-size":"auto","background-attachment":"scroll","background-type":"","background-media":"","overlay-type":"","overlay-color":"","overlay-opacity":"","overlay-gradient":""}},"ast-content-background-meta":{"desktop":{"background-color":"var(--ast-global-color-5)","background-image":"","background-repeat":"repeat","background-position":"center center","background-size":"auto","background-attachment":"scroll","background-type":"","background-media":"","overlay-type":"","overlay-color":"","overlay-opacity":"","overlay-gradient":""},"tablet":{"background-color":"var(--ast-global-color-5)","background-image":"","background-repeat":"repeat","background-position":"center center","background-size":"auto","background-attachment":"scroll","background-type":"","background-media":"","overlay-type":"","overlay-color":"","overlay-opacity":"","overlay-gradient":""},"mobile":{"background-color":"var(--ast-global-color-5)","background-image":"","background-repeat":"repeat","background-position":"center center","background-size":"auto","background-attachment":"scroll","background-type":"","background-media":"","overlay-type":"","overlay-color":"","overlay-opacity":"","overlay-gradient":""}},"footnotes":""},"class_list":["post-163","page","type-page","status-publish","hentry"],"_links":{"self":[{"href":"https:\/\/of-sunshine-tollers.de\/index.php?rest_route=\/wp\/v2\/pages\/163","targetHints":{"allow":["GET"]}}],"collection":[{"href":"https:\/\/of-sunshine-tollers.de\/index.php?rest_route=\/wp\/v2\/pages"}],"about":[{"href":"https:\/\/of-sunshine-tollers.de\/index.php?rest_route=\/wp\/v2\/types\/page"}],"author":[{"embeddable":true,"href":"https:\/\/of-sunshine-tollers.de\/index.php?rest_route=\/wp\/v2\/users\/1"}],"replies":[{"embeddable":true,"href":"https:\/\/of-sunshine-tollers.de\/index.php?rest_route=%2Fwp%2Fv2%2Fcomments&post=163"}],"version-history":[{"count":11,"href":"https:\/\/of-sunshine-tollers.de\/index.php?rest_route=\/wp\/v2\/pages\/163\/revisions"}],"predecessor-version":[{"id":977,"href":"https:\/\/of-sunshine-tollers.de\/index.php?rest_route=\/wp\/v2\/pages\/163\/revisions\/977"}],"up":[{"embeddable":true,"href":"https:\/\/of-sunshine-tollers.de\/index.php?rest_route=\/wp\/v2\/pages\/76"}],"wp:attachment":[{"href":"https:\/\/of-sunshine-tollers.de\/index.php?rest_route=%2Fwp%2Fv2%2Fmedia&parent=163"}],"curies":[{"name":"wp","href":"https:\/\/api.w.org\/{rel}","templated":true}]}}