{"id":180,"date":"2024-07-29T13:47:00","date_gmt":"2024-07-29T13:47:00","guid":{"rendered":"https:\/\/of-sunshine-tollers.de\/?page_id=180"},"modified":"2024-08-20T15:18:41","modified_gmt":"2024-08-20T15:18:41","slug":"freddy","status":"publish","type":"page","link":"https:\/\/of-sunshine-tollers.de\/?page_id=180","title":{"rendered":"In Erinnerung an Freddy"},"content":{"rendered":"\n<figure class=\"wp-block-image aligncenter size-full is-resized\"><img loading=\"lazy\" decoding=\"async\" width=\"458\" height=\"713\" src=\"https:\/\/of-sunshine-tollers.de\/wp-content\/uploads\/2024\/07\/15-Freddy-1.jpg\" alt=\"\" class=\"wp-image-181\" style=\"width:257px;height:auto\" srcset=\"https:\/\/of-sunshine-tollers.de\/wp-content\/uploads\/2024\/07\/15-Freddy-1.jpg 458w, https:\/\/of-sunshine-tollers.de\/wp-content\/uploads\/2024\/07\/15-Freddy-1-193x300.jpg 193w\" sizes=\"auto, (max-width: 458px) 100vw, 458px\" \/><\/figure>\n\n\n\n<p class=\"has-text-align-center\">In Erinnerung an Freddy<\/p>\n\n\n\n<p class=\"has-text-align-center\"><strong>Once in a Million &#8222;Freddy&#8220;&nbsp;<\/strong>05.05.2013 -22.09.2017<\/p>\n\n\n\n<p class=\"has-text-align-center\">Durch ihn ist meine Liebe zu den Tollern entstanden.<\/p>\n\n\n\n<p class=\"has-text-align-center\">Er war ein fr\u00f6hlicher, entspannter R\u00fcde, mit sehr gro\u00dfer sozialer Kompetenz.<\/p>\n\n\n\n<p class=\"has-text-align-center\">Er starb an einem Lymphom.<\/p>\n\n\n\n<p class=\"has-text-align-center\"><strong>Er war mein Sonnenschein!<\/strong><\/p>\n\n\n\n<figure class=\"wp-block-image aligncenter size-full is-resized\"><img loading=\"lazy\" decoding=\"async\" width=\"781\" height=\"938\" src=\"https:\/\/of-sunshine-tollers.de\/wp-content\/uploads\/2024\/07\/16-Freddy.jpg\" alt=\"\" class=\"wp-image-182\" style=\"width:256px;height:auto\" srcset=\"https:\/\/of-sunshine-tollers.de\/wp-content\/uploads\/2024\/07\/16-Freddy.jpg 781w, https:\/\/of-sunshine-tollers.de\/wp-content\/uploads\/2024\/07\/16-Freddy-250x300.jpg 250w, https:\/\/of-sunshine-tollers.de\/wp-content\/uploads\/2024\/07\/16-Freddy-768x922.jpg 768w\" sizes=\"auto, (max-width: 781px) 100vw, 781px\" \/><\/figure>\n\n\n\n<figure class=\"wp-block-image aligncenter size-full is-resized\"><img loading=\"lazy\" decoding=\"async\" width=\"938\" height=\"616\" src=\"https:\/\/of-sunshine-tollers.de\/wp-content\/uploads\/2024\/07\/17-Freddy.jpg\" alt=\"\" class=\"wp-image-183\" style=\"width:260px;height:auto\" srcset=\"https:\/\/of-sunshine-tollers.de\/wp-content\/uploads\/2024\/07\/17-Freddy.jpg 938w, https:\/\/of-sunshine-tollers.de\/wp-content\/uploads\/2024\/07\/17-Freddy-300x197.jpg 300w, https:\/\/of-sunshine-tollers.de\/wp-content\/uploads\/2024\/07\/17-Freddy-768x504.jpg 768w\" sizes=\"auto, (max-width: 938px) 100vw, 938px\" \/><\/figure>\n\n\n\n<p><\/p>\n","protected":false},"excerpt":{"rendered":"<p>In Erinnerung an Freddy Once in a Million &#8222;Freddy&#8220;&nbsp;05.05.2013 -22.09.2017 Durch ihn ist meine Liebe zu den Tollern entstanden. Er [&hellip;]<\/p>\n","protected":false},"author":1,"featured_media":0,"parent":76,"menu_order":0,"comment_status":"closed","ping_status":"closed","template":"","meta":{"site-sidebar-layout":"default","site-content-layout":"","ast-site-content-layout":"default","site-content-style":"default","site-sidebar-style":"default","ast-global-header-display":"","ast-banner-title-visibility":"","ast-main-header-display":"","ast-hfb-above-header-display":"","ast-hfb-below-header-display":"","ast-hfb-mobile-header-display":"","site-post-title":"","ast-breadcrumbs-content":"","ast-featured-img":"","footer-sml-layout":"","ast-disable-related-posts":"","theme-transparent-header-meta":"","adv-header-id-meta":"","stick-header-meta":"","header-above-stick-meta":"","header-main-stick-meta":"","header-below-stick-meta":"","astra-migrate-meta-layouts":"default","ast-page-background-enabled":"default","ast-page-background-meta":{"desktop":{"background-color":"var(--ast-global-color-4)","background-image":"","background-repeat":"repeat","background-position":"center center","background-size":"auto","background-attachment":"scroll","background-type":"","background-media":"","overlay-type":"","overlay-color":"","overlay-opacity":"","overlay-gradient":""},"tablet":{"background-color":"","background-image":"","background-repeat":"repeat","background-position":"center center","background-size":"auto","background-attachment":"scroll","background-type":"","background-media":"","overlay-type":"","overlay-color":"","overlay-opacity":"","overlay-gradient":""},"mobile":{"background-color":"","background-image":"","background-repeat":"repeat","background-position":"center center","background-size":"auto","background-attachment":"scroll","background-type":"","background-media":"","overlay-type":"","overlay-color":"","overlay-opacity":"","overlay-gradient":""}},"ast-content-background-meta":{"desktop":{"background-color":"var(--ast-global-color-5)","background-image":"","background-repeat":"repeat","background-position":"center center","background-size":"auto","background-attachment":"scroll","background-type":"","background-media":"","overlay-type":"","overlay-color":"","overlay-opacity":"","overlay-gradient":""},"tablet":{"background-color":"var(--ast-global-color-5)","background-image":"","background-repeat":"repeat","background-position":"center center","background-size":"auto","background-attachment":"scroll","background-type":"","background-media":"","overlay-type":"","overlay-color":"","overlay-opacity":"","overlay-gradient":""},"mobile":{"background-color":"var(--ast-global-color-5)","background-image":"","background-repeat":"repeat","background-position":"center center","background-size":"auto","background-attachment":"scroll","background-type":"","background-media":"","overlay-type":"","overlay-color":"","overlay-opacity":"","overlay-gradient":""}},"footnotes":""},"class_list":["post-180","page","type-page","status-publish","hentry"],"_links":{"self":[{"href":"https:\/\/of-sunshine-tollers.de\/index.php?rest_route=\/wp\/v2\/pages\/180","targetHints":{"allow":["GET"]}}],"collection":[{"href":"https:\/\/of-sunshine-tollers.de\/index.php?rest_route=\/wp\/v2\/pages"}],"about":[{"href":"https:\/\/of-sunshine-tollers.de\/index.php?rest_route=\/wp\/v2\/types\/page"}],"author":[{"embeddable":true,"href":"https:\/\/of-sunshine-tollers.de\/index.php?rest_route=\/wp\/v2\/users\/1"}],"replies":[{"embeddable":true,"href":"https:\/\/of-sunshine-tollers.de\/index.php?rest_route=%2Fwp%2Fv2%2Fcomments&post=180"}],"version-history":[{"count":5,"href":"https:\/\/of-sunshine-tollers.de\/index.php?rest_route=\/wp\/v2\/pages\/180\/revisions"}],"predecessor-version":[{"id":560,"href":"https:\/\/of-sunshine-tollers.de\/index.php?rest_route=\/wp\/v2\/pages\/180\/revisions\/560"}],"up":[{"embeddable":true,"href":"https:\/\/of-sunshine-tollers.de\/index.php?rest_route=\/wp\/v2\/pages\/76"}],"wp:attachment":[{"href":"https:\/\/of-sunshine-tollers.de\/index.php?rest_route=%2Fwp%2Fv2%2Fmedia&parent=180"}],"curies":[{"name":"wp","href":"https:\/\/api.w.org\/{rel}","templated":true}]}}