{"id":260,"date":"2024-07-29T14:33:22","date_gmt":"2024-07-29T14:33:22","guid":{"rendered":"https:\/\/of-sunshine-tollers.de\/?page_id=260"},"modified":"2026-03-26T18:19:05","modified_gmt":"2026-03-26T18:19:05","slug":"be-yourself-jayjay-of-sunshine-tollers","status":"publish","type":"page","link":"https:\/\/of-sunshine-tollers.de\/?page_id=260","title":{"rendered":"Be yourself JayJay of Sunshine Tollers"},"content":{"rendered":"\n<figure class=\"wp-block-image aligncenter size-large is-resized\"><img loading=\"lazy\" decoding=\"async\" width=\"819\" height=\"1024\" src=\"https:\/\/of-sunshine-tollers.de\/wp-content\/uploads\/2024\/10\/1000122489-819x1024.jpg\" alt=\"\" class=\"wp-image-682\" style=\"width:402px;height:auto\" srcset=\"https:\/\/of-sunshine-tollers.de\/wp-content\/uploads\/2024\/10\/1000122489-819x1024.jpg 819w, https:\/\/of-sunshine-tollers.de\/wp-content\/uploads\/2024\/10\/1000122489-240x300.jpg 240w, https:\/\/of-sunshine-tollers.de\/wp-content\/uploads\/2024\/10\/1000122489-768x961.jpg 768w, https:\/\/of-sunshine-tollers.de\/wp-content\/uploads\/2024\/10\/1000122489-1228x1536.jpg 1228w, https:\/\/of-sunshine-tollers.de\/wp-content\/uploads\/2024\/10\/1000122489.jpg 1279w\" sizes=\"auto, (max-width: 819px) 100vw, 819px\" \/><\/figure>\n\n\n\n<p class=\"has-text-align-center\"><strong>Fakten:<\/strong><\/p>\n\n\n\n<p class=\"has-text-align-center\">Geburtstag: 01.04.2019<\/p>\n\n\n\n<p class=\"has-text-align-center\">Zuchtbuchnummer: DRC-T 19-1508<\/p>\n\n\n\n<p class=\"has-text-align-center\">Stammbaum:<a href=\"https:\/\/nsdtr.breedarchive.com\/animal\/view\/be-yourself-jayjay-of-sunshine-tollers-05a38703-9729-4ad1-a364-c03314f12a48\">breed archive<\/a><\/p>\n\n\n\n<p class=\"has-text-align-center\">Gr\u00f6\u00dfe: 51cm<\/p>\n\n\n\n<p class=\"has-text-align-center\">Gewicht: 19 Kg<\/p>\n\n\n\n<p class=\"has-text-align-center\">H\u00fcfte: A1\/A1<\/p>\n\n\n\n<p class=\"has-text-align-center\">Ellbogen frei\/frei<\/p>\n\n\n\n<p class=\"has-text-align-center\">Augen: RD: frei, PRA: frei, HC frei<\/p>\n\n\n\n<p class=\"has-text-align-center\">Gentest: prcd-PRA frei, DM frei, CEA CH frei, JADD frei, CDDY frei, PCD frei<\/p>\n\n\n\n<p class=\"has-text-align-center\">Fellfarbe: D Lokus D\/D (non-dilute)<\/p>\n\n\n\n<p class=\"has-text-align-center\">Zuchtzulassung am 17.11.2022<\/p>\n\n\n\n<figure class=\"wp-block-image aligncenter size-large is-resized\"><img loading=\"lazy\" decoding=\"async\" width=\"768\" height=\"1024\" src=\"https:\/\/of-sunshine-tollers.de\/wp-content\/uploads\/2024\/10\/1000122494-768x1024.jpg\" alt=\"\" class=\"wp-image-684\" style=\"width:389px;height:auto\" srcset=\"https:\/\/of-sunshine-tollers.de\/wp-content\/uploads\/2024\/10\/1000122494-768x1024.jpg 768w, https:\/\/of-sunshine-tollers.de\/wp-content\/uploads\/2024\/10\/1000122494-225x300.jpg 225w, https:\/\/of-sunshine-tollers.de\/wp-content\/uploads\/2024\/10\/1000122494.jpg 1145w\" sizes=\"auto, (max-width: 768px) 100vw, 768px\" \/><\/figure>\n\n\n\n<p class=\"has-text-align-center\">JayJay ist ein selbstbewusster, fr\u00f6hlicher R\u00fcde.<\/p>\n\n\n\n<p class=\"has-text-align-center\">Er begegnet seiner Umwelt immer mutig und freundlich.<\/p>\n\n\n\n<p class=\"has-text-align-center\">In der Dummyarbeit zeigt er Gel\u00e4ndeh\u00e4rte und einen ausgepr\u00e4gten Beutetrieb.<\/p>\n\n\n\n<p class=\"has-text-align-center\">Die Dummy A besteht er vorz\u00fcglich!<\/p>\n\n\n\n<p class=\"has-text-align-center\">JayJay liebt die Dummyarbeit mit seinem Frauchen sehr!<\/p>\n\n\n\n<figure class=\"wp-block-image aligncenter size-large is-resized\"><img loading=\"lazy\" decoding=\"async\" width=\"819\" height=\"1024\" src=\"https:\/\/of-sunshine-tollers.de\/wp-content\/uploads\/2024\/10\/1000122491-819x1024.jpg\" alt=\"\" class=\"wp-image-683\" style=\"width:402px;height:auto\" srcset=\"https:\/\/of-sunshine-tollers.de\/wp-content\/uploads\/2024\/10\/1000122491-819x1024.jpg 819w, https:\/\/of-sunshine-tollers.de\/wp-content\/uploads\/2024\/10\/1000122491-240x300.jpg 240w, https:\/\/of-sunshine-tollers.de\/wp-content\/uploads\/2024\/10\/1000122491-768x960.jpg 768w, https:\/\/of-sunshine-tollers.de\/wp-content\/uploads\/2024\/10\/1000122491.jpg 1080w\" sizes=\"auto, (max-width: 819px) 100vw, 819px\" \/><\/figure>\n\n\n\n<p class=\"has-text-align-center\">JayJay steht ab sofort geeigneten H\u00fcndinnen zum Decken zur Verf\u00fcgung!<\/p>\n\n\n\n<p class=\"has-text-align-center\">Anfragen bitte \u00fcber diese Hompage.<\/p>\n\n\n\n<p class=\"has-text-align-center\"><strong>Nachkommen<\/strong>:<\/p>\n\n\n\n<p class=\"has-text-align-center\"><em>Erste Verpaarung:<\/em><\/p>\n\n\n\n<p class=\"has-text-align-center\">Aus der Verpaarung mit Red Velvet Cupcake of Clan Buchanan&nbsp;wurden am 10.04.2023 sieben H\u00fcndinnen und ein R\u00fcde geboren.<\/p>\n\n\n\n<figure class=\"wp-block-image aligncenter size-large is-resized\"><img loading=\"lazy\" decoding=\"async\" width=\"683\" height=\"1024\" src=\"https:\/\/of-sunshine-tollers.de\/wp-content\/uploads\/2024\/07\/12-Deckrueden-683x1024.jpg\" alt=\"\" class=\"wp-image-266\" style=\"width:506px;height:auto\" srcset=\"https:\/\/of-sunshine-tollers.de\/wp-content\/uploads\/2024\/07\/12-Deckrueden-683x1024.jpg 683w, https:\/\/of-sunshine-tollers.de\/wp-content\/uploads\/2024\/07\/12-Deckrueden-200x300.jpg 200w, https:\/\/of-sunshine-tollers.de\/wp-content\/uploads\/2024\/07\/12-Deckrueden.jpg 688w\" sizes=\"auto, (max-width: 683px) 100vw, 683px\" \/><\/figure>\n\n\n\n<figure class=\"wp-block-image aligncenter size-large is-resized\"><img loading=\"lazy\" decoding=\"async\" width=\"1024\" height=\"770\" src=\"https:\/\/of-sunshine-tollers.de\/wp-content\/uploads\/2024\/10\/11-Deckrueden-1024x770.jpg\" alt=\"\" class=\"wp-image-692\" style=\"width:590px;height:auto\" srcset=\"https:\/\/of-sunshine-tollers.de\/wp-content\/uploads\/2024\/10\/11-Deckrueden-1024x770.jpg 1024w, https:\/\/of-sunshine-tollers.de\/wp-content\/uploads\/2024\/10\/11-Deckrueden-300x226.jpg 300w, https:\/\/of-sunshine-tollers.de\/wp-content\/uploads\/2024\/10\/11-Deckrueden-768x577.jpg 768w, https:\/\/of-sunshine-tollers.de\/wp-content\/uploads\/2024\/10\/11-Deckrueden.jpg 1031w\" sizes=\"auto, (max-width: 1024px) 100vw, 1024px\" \/><\/figure>\n\n\n\n<hr class=\"wp-block-separator has-alpha-channel-opacity\"\/>\n\n\n\n<p class=\"has-text-align-center\"><em>Zweite Verpaarung:<\/em><\/p>\n\n\n\n<figure class=\"wp-block-image aligncenter size-large is-resized\"><img loading=\"lazy\" decoding=\"async\" width=\"912\" height=\"1024\" src=\"https:\/\/of-sunshine-tollers.de\/wp-content\/uploads\/2024\/12\/IMG-20241222-WA0002-912x1024.jpg\" alt=\"\" class=\"wp-image-780\" style=\"width:704px;height:auto\" srcset=\"https:\/\/of-sunshine-tollers.de\/wp-content\/uploads\/2024\/12\/IMG-20241222-WA0002-912x1024.jpg 912w, https:\/\/of-sunshine-tollers.de\/wp-content\/uploads\/2024\/12\/IMG-20241222-WA0002-267x300.jpg 267w, https:\/\/of-sunshine-tollers.de\/wp-content\/uploads\/2024\/12\/IMG-20241222-WA0002-768x862.jpg 768w, https:\/\/of-sunshine-tollers.de\/wp-content\/uploads\/2024\/12\/IMG-20241222-WA0002-1368x1536.jpg 1368w, https:\/\/of-sunshine-tollers.de\/wp-content\/uploads\/2024\/12\/IMG-20241222-WA0002.jpg 1710w\" sizes=\"auto, (max-width: 912px) 100vw, 912px\" \/><\/figure>\n\n\n\n<p class=\"has-text-align-center\">Am 18.12.2024 wurden vier H\u00fcndinnen und f\u00fcnf R\u00fcden geboren.<\/p>\n\n\n\n<figure class=\"wp-block-image aligncenter size-large is-resized\"><img loading=\"lazy\" decoding=\"async\" width=\"1024\" height=\"768\" src=\"https:\/\/of-sunshine-tollers.de\/wp-content\/uploads\/2024\/12\/IMG-20241222-WA0003-1024x768.jpg\" alt=\"\" class=\"wp-image-781\" style=\"width:727px;height:auto\" srcset=\"https:\/\/of-sunshine-tollers.de\/wp-content\/uploads\/2024\/12\/IMG-20241222-WA0003-1024x768.jpg 1024w, https:\/\/of-sunshine-tollers.de\/wp-content\/uploads\/2024\/12\/IMG-20241222-WA0003-300x225.jpg 300w, https:\/\/of-sunshine-tollers.de\/wp-content\/uploads\/2024\/12\/IMG-20241222-WA0003-768x576.jpg 768w, https:\/\/of-sunshine-tollers.de\/wp-content\/uploads\/2024\/12\/IMG-20241222-WA0003-1536x1152.jpg 1536w, https:\/\/of-sunshine-tollers.de\/wp-content\/uploads\/2024\/12\/IMG-20241222-WA0003.jpg 1600w\" sizes=\"auto, (max-width: 1024px) 100vw, 1024px\" \/><\/figure>\n","protected":false},"excerpt":{"rendered":"<p>Fakten: Geburtstag: 01.04.2019 Zuchtbuchnummer: DRC-T 19-1508 Stammbaum:breed archive Gr\u00f6\u00dfe: 51cm Gewicht: 19 Kg H\u00fcfte: A1\/A1 Ellbogen frei\/frei Augen: RD: frei, [&hellip;]<\/p>\n","protected":false},"author":1,"featured_media":0,"parent":82,"menu_order":0,"comment_status":"closed","ping_status":"closed","template":"","meta":{"site-sidebar-layout":"default","site-content-layout":"","ast-site-content-layout":"default","site-content-style":"default","site-sidebar-style":"default","ast-global-header-display":"","ast-banner-title-visibility":"","ast-main-header-display":"","ast-hfb-above-header-display":"","ast-hfb-below-header-display":"","ast-hfb-mobile-header-display":"","site-post-title":"","ast-breadcrumbs-content":"","ast-featured-img":"","footer-sml-layout":"","ast-disable-related-posts":"","theme-transparent-header-meta":"","adv-header-id-meta":"","stick-header-meta":"","header-above-stick-meta":"","header-main-stick-meta":"","header-below-stick-meta":"","astra-migrate-meta-layouts":"default","ast-page-background-enabled":"default","ast-page-background-meta":{"desktop":{"background-color":"var(--ast-global-color-4)","background-image":"","background-repeat":"repeat","background-position":"center center","background-size":"auto","background-attachment":"scroll","background-type":"","background-media":"","overlay-type":"","overlay-color":"","overlay-opacity":"","overlay-gradient":""},"tablet":{"background-color":"","background-image":"","background-repeat":"repeat","background-position":"center center","background-size":"auto","background-attachment":"scroll","background-type":"","background-media":"","overlay-type":"","overlay-color":"","overlay-opacity":"","overlay-gradient":""},"mobile":{"background-color":"","background-image":"","background-repeat":"repeat","background-position":"center center","background-size":"auto","background-attachment":"scroll","background-type":"","background-media":"","overlay-type":"","overlay-color":"","overlay-opacity":"","overlay-gradient":""}},"ast-content-background-meta":{"desktop":{"background-color":"var(--ast-global-color-5)","background-image":"","background-repeat":"repeat","background-position":"center center","background-size":"auto","background-attachment":"scroll","background-type":"","background-media":"","overlay-type":"","overlay-color":"","overlay-opacity":"","overlay-gradient":""},"tablet":{"background-color":"var(--ast-global-color-5)","background-image":"","background-repeat":"repeat","background-position":"center center","background-size":"auto","background-attachment":"scroll","background-type":"","background-media":"","overlay-type":"","overlay-color":"","overlay-opacity":"","overlay-gradient":""},"mobile":{"background-color":"var(--ast-global-color-5)","background-image":"","background-repeat":"repeat","background-position":"center center","background-size":"auto","background-attachment":"scroll","background-type":"","background-media":"","overlay-type":"","overlay-color":"","overlay-opacity":"","overlay-gradient":""}},"footnotes":""},"class_list":["post-260","page","type-page","status-publish","hentry"],"_links":{"self":[{"href":"https:\/\/of-sunshine-tollers.de\/index.php?rest_route=\/wp\/v2\/pages\/260","targetHints":{"allow":["GET"]}}],"collection":[{"href":"https:\/\/of-sunshine-tollers.de\/index.php?rest_route=\/wp\/v2\/pages"}],"about":[{"href":"https:\/\/of-sunshine-tollers.de\/index.php?rest_route=\/wp\/v2\/types\/page"}],"author":[{"embeddable":true,"href":"https:\/\/of-sunshine-tollers.de\/index.php?rest_route=\/wp\/v2\/users\/1"}],"replies":[{"embeddable":true,"href":"https:\/\/of-sunshine-tollers.de\/index.php?rest_route=%2Fwp%2Fv2%2Fcomments&post=260"}],"version-history":[{"count":20,"href":"https:\/\/of-sunshine-tollers.de\/index.php?rest_route=\/wp\/v2\/pages\/260\/revisions"}],"predecessor-version":[{"id":976,"href":"https:\/\/of-sunshine-tollers.de\/index.php?rest_route=\/wp\/v2\/pages\/260\/revisions\/976"}],"up":[{"embeddable":true,"href":"https:\/\/of-sunshine-tollers.de\/index.php?rest_route=\/wp\/v2\/pages\/82"}],"wp:attachment":[{"href":"https:\/\/of-sunshine-tollers.de\/index.php?rest_route=%2Fwp%2Fv2%2Fmedia&parent=260"}],"curies":[{"name":"wp","href":"https:\/\/api.w.org\/{rel}","templated":true}]}}