{"id":268,"date":"2024-07-29T14:35:01","date_gmt":"2024-07-29T14:35:01","guid":{"rendered":"https:\/\/of-sunshine-tollers.de\/?page_id=268"},"modified":"2026-04-14T05:21:19","modified_gmt":"2026-04-14T05:21:19","slug":"crazy-fox-rooney-of-sunshine-tollers","status":"publish","type":"page","link":"https:\/\/of-sunshine-tollers.de\/?page_id=268","title":{"rendered":"Crazy fox Rooney of Sunshine Tollers"},"content":{"rendered":"\n<figure class=\"wp-block-image aligncenter size-full is-resized\"><img loading=\"lazy\" decoding=\"async\" width=\"802\" height=\"1022\" src=\"https:\/\/of-sunshine-tollers.de\/wp-content\/uploads\/2024\/07\/13-Deckrueden.jpg\" alt=\"\" class=\"wp-image-270\" style=\"width:348px;height:auto\" srcset=\"https:\/\/of-sunshine-tollers.de\/wp-content\/uploads\/2024\/07\/13-Deckrueden.jpg 802w, https:\/\/of-sunshine-tollers.de\/wp-content\/uploads\/2024\/07\/13-Deckrueden-235x300.jpg 235w, https:\/\/of-sunshine-tollers.de\/wp-content\/uploads\/2024\/07\/13-Deckrueden-768x979.jpg 768w\" sizes=\"auto, (max-width: 802px) 100vw, 802px\" \/><\/figure>\n\n\n\n<p class=\"has-text-align-center\"><strong>Fakten:<\/strong> geb.: 18.06.2020<\/p>\n\n\n\n<p class=\"has-text-align-center\">Zuchtbuchnummer: DRC-T 20-1694<\/p>\n\n\n\n<p class=\"has-text-align-center\">Stammbaum: <a href=\"https:\/\/nsdtr.breedarchive.com\/animal\/view\/crazy-fox-rooney-of-sunshine-tollers-758459b0-d7b2-442c-81ac-c79260b8c4c7\">breed archive<\/a><\/p>\n\n\n\n<p class=\"has-text-align-center\">Gr\u00f6\u00dfe: 50cm<\/p>\n\n\n\n<p class=\"has-text-align-center\">Gewicht: 19 kg<\/p>\n\n\n\n<p class=\"has-text-align-center\">H\u00fcfte: A2\/A2<\/p>\n\n\n\n<p class=\"has-text-align-center\">Ellbogen: frei\/frei<\/p>\n\n\n\n<p class=\"has-text-align-center\">Augen:&nbsp; RD:frei, PRA:frei, HC frei<\/p>\n\n\n\n<p class=\"has-text-align-center\">Gentest: PRA: frei, CEA: frei, JADD: frei, DEN: frei, PCD frei<\/p>\n\n\n\n<p class=\"has-text-align-center\">Zuchtzulassung am 13.03. 2024<\/p>\n\n\n\n<figure class=\"wp-block-image aligncenter size-full is-resized\"><img loading=\"lazy\" decoding=\"async\" width=\"917\" height=\"866\" src=\"https:\/\/of-sunshine-tollers.de\/wp-content\/uploads\/2024\/07\/14-Deckrueden-1.jpg\" alt=\"\" class=\"wp-image-271\" style=\"width:439px;height:auto\" srcset=\"https:\/\/of-sunshine-tollers.de\/wp-content\/uploads\/2024\/07\/14-Deckrueden-1.jpg 917w, https:\/\/of-sunshine-tollers.de\/wp-content\/uploads\/2024\/07\/14-Deckrueden-1-300x283.jpg 300w, https:\/\/of-sunshine-tollers.de\/wp-content\/uploads\/2024\/07\/14-Deckrueden-1-768x725.jpg 768w\" sizes=\"auto, (max-width: 917px) 100vw, 917px\" \/><\/figure>\n\n\n\n<p class=\"has-text-align-center\">Rooney ist ein tempramentvoller, sanfter, ausgeglichener&nbsp;R\u00fcde mit sehr gro\u00dfer sozialer Kompetenz.<\/p>\n\n\n\n<p class=\"has-text-align-center\">Er arbeitet sehr gerne und vollkommen ruhig mit Dummys,&nbsp;was sich in seiner vorz\u00fcglichen Bewertung&nbsp;mit voller Punktzahl in der Dummy A widerspiegelt.<\/p>\n\n\n\n<p class=\"has-text-align-center\">Rooney steht ab sofort geeigneten H\u00fcndinnen zur Verf\u00fcgung!<\/p>\n\n\n\n<p class=\"has-text-align-center\">Anfragen bitte \u00fcber diese Hompage.<\/p>\n\n\n\n<figure class=\"wp-block-image aligncenter size-full is-resized\"><img loading=\"lazy\" decoding=\"async\" width=\"917\" height=\"681\" src=\"https:\/\/of-sunshine-tollers.de\/wp-content\/uploads\/2024\/07\/15-Deckrueden.jpg\" alt=\"\" class=\"wp-image-272\" style=\"width:506px;height:auto\" srcset=\"https:\/\/of-sunshine-tollers.de\/wp-content\/uploads\/2024\/07\/15-Deckrueden.jpg 917w, https:\/\/of-sunshine-tollers.de\/wp-content\/uploads\/2024\/07\/15-Deckrueden-300x223.jpg 300w, https:\/\/of-sunshine-tollers.de\/wp-content\/uploads\/2024\/07\/15-Deckrueden-768x570.jpg 768w\" sizes=\"auto, (max-width: 917px) 100vw, 917px\" \/><\/figure>\n\n\n\n<p class=\"has-text-align-center\"><strong>Nachkommen:<\/strong><\/p>\n\n\n\n<p class=\"has-text-align-center\">Aus der Verpaarung mit <em>Wisaweg Ambra <\/em>wurden am 10.05.2025 sechs H\u00fcndinnen und drei R\u00fcden geboren.<\/p>\n\n\n\n<figure class=\"wp-block-image aligncenter size-full is-resized\"><img loading=\"lazy\" decoding=\"async\" width=\"1600\" height=\"994\" src=\"https:\/\/of-sunshine-tollers.de\/wp-content\/uploads\/2025\/06\/IMG-20250628-WA0019.jpg\" alt=\"\" class=\"wp-image-909\" style=\"width:738px;height:auto\" srcset=\"https:\/\/of-sunshine-tollers.de\/wp-content\/uploads\/2025\/06\/IMG-20250628-WA0019.jpg 1600w, https:\/\/of-sunshine-tollers.de\/wp-content\/uploads\/2025\/06\/IMG-20250628-WA0019-300x186.jpg 300w, https:\/\/of-sunshine-tollers.de\/wp-content\/uploads\/2025\/06\/IMG-20250628-WA0019-1024x636.jpg 1024w, https:\/\/of-sunshine-tollers.de\/wp-content\/uploads\/2025\/06\/IMG-20250628-WA0019-768x477.jpg 768w, https:\/\/of-sunshine-tollers.de\/wp-content\/uploads\/2025\/06\/IMG-20250628-WA0019-1536x954.jpg 1536w\" sizes=\"auto, (max-width: 1600px) 100vw, 1600px\" \/><\/figure>\n\n\n\n<p><\/p>\n","protected":false},"excerpt":{"rendered":"<p>Fakten: geb.: 18.06.2020 Zuchtbuchnummer: DRC-T 20-1694 Stammbaum: breed archive Gr\u00f6\u00dfe: 50cm Gewicht: 19 kg H\u00fcfte: A2\/A2 Ellbogen: frei\/frei Augen:&nbsp; RD:frei, [&hellip;]<\/p>\n","protected":false},"author":1,"featured_media":0,"parent":82,"menu_order":0,"comment_status":"closed","ping_status":"closed","template":"","meta":{"site-sidebar-layout":"default","site-content-layout":"","ast-site-content-layout":"default","site-content-style":"default","site-sidebar-style":"default","ast-global-header-display":"","ast-banner-title-visibility":"","ast-main-header-display":"","ast-hfb-above-header-display":"","ast-hfb-below-header-display":"","ast-hfb-mobile-header-display":"","site-post-title":"","ast-breadcrumbs-content":"","ast-featured-img":"","footer-sml-layout":"","ast-disable-related-posts":"","theme-transparent-header-meta":"","adv-header-id-meta":"","stick-header-meta":"","header-above-stick-meta":"","header-main-stick-meta":"","header-below-stick-meta":"","astra-migrate-meta-layouts":"default","ast-page-background-enabled":"default","ast-page-background-meta":{"desktop":{"background-color":"var(--ast-global-color-4)","background-image":"","background-repeat":"repeat","background-position":"center center","background-size":"auto","background-attachment":"scroll","background-type":"","background-media":"","overlay-type":"","overlay-color":"","overlay-opacity":"","overlay-gradient":""},"tablet":{"background-color":"","background-image":"","background-repeat":"repeat","background-position":"center center","background-size":"auto","background-attachment":"scroll","background-type":"","background-media":"","overlay-type":"","overlay-color":"","overlay-opacity":"","overlay-gradient":""},"mobile":{"background-color":"","background-image":"","background-repeat":"repeat","background-position":"center center","background-size":"auto","background-attachment":"scroll","background-type":"","background-media":"","overlay-type":"","overlay-color":"","overlay-opacity":"","overlay-gradient":""}},"ast-content-background-meta":{"desktop":{"background-color":"var(--ast-global-color-5)","background-image":"","background-repeat":"repeat","background-position":"center center","background-size":"auto","background-attachment":"scroll","background-type":"","background-media":"","overlay-type":"","overlay-color":"","overlay-opacity":"","overlay-gradient":""},"tablet":{"background-color":"var(--ast-global-color-5)","background-image":"","background-repeat":"repeat","background-position":"center center","background-size":"auto","background-attachment":"scroll","background-type":"","background-media":"","overlay-type":"","overlay-color":"","overlay-opacity":"","overlay-gradient":""},"mobile":{"background-color":"var(--ast-global-color-5)","background-image":"","background-repeat":"repeat","background-position":"center center","background-size":"auto","background-attachment":"scroll","background-type":"","background-media":"","overlay-type":"","overlay-color":"","overlay-opacity":"","overlay-gradient":""}},"footnotes":""},"class_list":["post-268","page","type-page","status-publish","hentry"],"_links":{"self":[{"href":"https:\/\/of-sunshine-tollers.de\/index.php?rest_route=\/wp\/v2\/pages\/268","targetHints":{"allow":["GET"]}}],"collection":[{"href":"https:\/\/of-sunshine-tollers.de\/index.php?rest_route=\/wp\/v2\/pages"}],"about":[{"href":"https:\/\/of-sunshine-tollers.de\/index.php?rest_route=\/wp\/v2\/types\/page"}],"author":[{"embeddable":true,"href":"https:\/\/of-sunshine-tollers.de\/index.php?rest_route=\/wp\/v2\/users\/1"}],"replies":[{"embeddable":true,"href":"https:\/\/of-sunshine-tollers.de\/index.php?rest_route=%2Fwp%2Fv2%2Fcomments&post=268"}],"version-history":[{"count":8,"href":"https:\/\/of-sunshine-tollers.de\/index.php?rest_route=\/wp\/v2\/pages\/268\/revisions"}],"predecessor-version":[{"id":985,"href":"https:\/\/of-sunshine-tollers.de\/index.php?rest_route=\/wp\/v2\/pages\/268\/revisions\/985"}],"up":[{"embeddable":true,"href":"https:\/\/of-sunshine-tollers.de\/index.php?rest_route=\/wp\/v2\/pages\/82"}],"wp:attachment":[{"href":"https:\/\/of-sunshine-tollers.de\/index.php?rest_route=%2Fwp%2Fv2%2Fmedia&parent=268"}],"curies":[{"name":"wp","href":"https:\/\/api.w.org\/{rel}","templated":true}]}}