{"id":79,"date":"2024-07-28T08:54:55","date_gmt":"2024-07-28T08:54:55","guid":{"rendered":"https:\/\/of-sunshine-tollers.de\/?page_id=79"},"modified":"2024-08-20T10:15:33","modified_gmt":"2024-08-20T10:15:33","slug":"zucht","status":"publish","type":"page","link":"https:\/\/of-sunshine-tollers.de\/?page_id=79","title":{"rendered":"Zucht"},"content":{"rendered":"\n<figure class=\"wp-block-image aligncenter size-full\"><img loading=\"lazy\" decoding=\"async\" width=\"802\" height=\"534\" src=\"https:\/\/of-sunshine-tollers.de\/wp-content\/uploads\/2024\/07\/5-Zucht.jpg\" alt=\"\" class=\"wp-image-195\" srcset=\"https:\/\/of-sunshine-tollers.de\/wp-content\/uploads\/2024\/07\/5-Zucht.jpg 802w, https:\/\/of-sunshine-tollers.de\/wp-content\/uploads\/2024\/07\/5-Zucht-300x200.jpg 300w, https:\/\/of-sunshine-tollers.de\/wp-content\/uploads\/2024\/07\/5-Zucht-768x511.jpg 768w\" sizes=\"auto, (max-width: 802px) 100vw, 802px\" \/><\/figure>\n\n\n\n<p class=\"has-text-align-center\"><strong>of Sunshine Tollers<\/strong><\/p>\n\n\n\n<p class=\"has-text-align-center\">Diesen Namen haben wir ausgew\u00e4hlt, da wir gro\u00dfen Wert darauf legen Hunde zu z\u00fcchten, die arbeitsfreudig sind, ein hohes ma\u00df an &#8222;will to please&#8220; besitzen und auch ein &#8222;sonniges Wesen&#8220; haben!<\/p>\n\n\n\n<p class=\"has-text-align-center\">Es ist uns sehr wichtig das unsere Hunde sozial vertr\u00e4glich, freundlich und fr\u00f6hlich sind.<\/p>\n\n\n\n<p class=\"has-text-align-center\">Selbstverst\u00e4ndlich nimmt auch die k\u00f6rperliche und geistige Gesundheit, sowie ein rassetypisches Aussehen einen gro\u00dfen Stellenwert in unserer Zucht ein.<\/p>\n\n\n\n<figure class=\"wp-block-image aligncenter size-full is-resized\"><img loading=\"lazy\" decoding=\"async\" width=\"719\" height=\"541\" src=\"https:\/\/of-sunshine-tollers.de\/wp-content\/uploads\/2024\/07\/1-Zucht.jpg\" alt=\"\" class=\"wp-image-196\" style=\"width:282px;height:auto\" srcset=\"https:\/\/of-sunshine-tollers.de\/wp-content\/uploads\/2024\/07\/1-Zucht.jpg 719w, https:\/\/of-sunshine-tollers.de\/wp-content\/uploads\/2024\/07\/1-Zucht-300x226.jpg 300w\" sizes=\"auto, (max-width: 719px) 100vw, 719px\" \/><\/figure>\n\n\n\n<figure class=\"wp-block-image aligncenter size-full is-resized\"><img loading=\"lazy\" decoding=\"async\" width=\"359\" height=\"264\" src=\"https:\/\/of-sunshine-tollers.de\/wp-content\/uploads\/2024\/07\/2-Zucht.jpg\" alt=\"\" class=\"wp-image-197\" style=\"width:284px;height:auto\" srcset=\"https:\/\/of-sunshine-tollers.de\/wp-content\/uploads\/2024\/07\/2-Zucht.jpg 359w, https:\/\/of-sunshine-tollers.de\/wp-content\/uploads\/2024\/07\/2-Zucht-300x221.jpg 300w\" sizes=\"auto, (max-width: 359px) 100vw, 359px\" \/><\/figure>\n\n\n\n<figure class=\"wp-block-image aligncenter size-full is-resized\"><img loading=\"lazy\" decoding=\"async\" width=\"232\" height=\"166\" src=\"https:\/\/of-sunshine-tollers.de\/wp-content\/uploads\/2024\/07\/3-Zucht.jpg\" alt=\"\" class=\"wp-image-198\" style=\"width:284px;height:auto\"\/><\/figure>\n\n\n\n<figure class=\"wp-block-image aligncenter size-full is-resized\"><img loading=\"lazy\" decoding=\"async\" width=\"477\" height=\"376\" src=\"https:\/\/of-sunshine-tollers.de\/wp-content\/uploads\/2024\/07\/4-Zucht.jpg\" alt=\"\" class=\"wp-image-199\" style=\"width:286px;height:auto\" srcset=\"https:\/\/of-sunshine-tollers.de\/wp-content\/uploads\/2024\/07\/4-Zucht.jpg 477w, https:\/\/of-sunshine-tollers.de\/wp-content\/uploads\/2024\/07\/4-Zucht-300x236.jpg 300w\" sizes=\"auto, (max-width: 477px) 100vw, 477px\" \/><\/figure>\n\n\n\n<p><\/p>\n","protected":false},"excerpt":{"rendered":"<p>of Sunshine Tollers Diesen Namen haben wir ausgew\u00e4hlt, da wir gro\u00dfen Wert darauf legen Hunde zu z\u00fcchten, die arbeitsfreudig sind, [&hellip;]<\/p>\n","protected":false},"author":1,"featured_media":0,"parent":0,"menu_order":0,"comment_status":"closed","ping_status":"closed","template":"","meta":{"site-sidebar-layout":"default","site-content-layout":"","ast-site-content-layout":"default","site-content-style":"default","site-sidebar-style":"default","ast-global-header-display":"","ast-banner-title-visibility":"","ast-main-header-display":"","ast-hfb-above-header-display":"","ast-hfb-below-header-display":"","ast-hfb-mobile-header-display":"","site-post-title":"","ast-breadcrumbs-content":"","ast-featured-img":"","footer-sml-layout":"","ast-disable-related-posts":"","theme-transparent-header-meta":"","adv-header-id-meta":"","stick-header-meta":"","header-above-stick-meta":"","header-main-stick-meta":"","header-below-stick-meta":"","astra-migrate-meta-layouts":"default","ast-page-background-enabled":"default","ast-page-background-meta":{"desktop":{"background-color":"var(--ast-global-color-4)","background-image":"","background-repeat":"repeat","background-position":"center center","background-size":"auto","background-attachment":"scroll","background-type":"","background-media":"","overlay-type":"","overlay-color":"","overlay-opacity":"","overlay-gradient":""},"tablet":{"background-color":"","background-image":"","background-repeat":"repeat","background-position":"center center","background-size":"auto","background-attachment":"scroll","background-type":"","background-media":"","overlay-type":"","overlay-color":"","overlay-opacity":"","overlay-gradient":""},"mobile":{"background-color":"","background-image":"","background-repeat":"repeat","background-position":"center center","background-size":"auto","background-attachment":"scroll","background-type":"","background-media":"","overlay-type":"","overlay-color":"","overlay-opacity":"","overlay-gradient":""}},"ast-content-background-meta":{"desktop":{"background-color":"var(--ast-global-color-5)","background-image":"","background-repeat":"repeat","background-position":"center center","background-size":"auto","background-attachment":"scroll","background-type":"","background-media":"","overlay-type":"","overlay-color":"","overlay-opacity":"","overlay-gradient":""},"tablet":{"background-color":"var(--ast-global-color-5)","background-image":"","background-repeat":"repeat","background-position":"center center","background-size":"auto","background-attachment":"scroll","background-type":"","background-media":"","overlay-type":"","overlay-color":"","overlay-opacity":"","overlay-gradient":""},"mobile":{"background-color":"var(--ast-global-color-5)","background-image":"","background-repeat":"repeat","background-position":"center center","background-size":"auto","background-attachment":"scroll","background-type":"","background-media":"","overlay-type":"","overlay-color":"","overlay-opacity":"","overlay-gradient":""}},"footnotes":""},"class_list":["post-79","page","type-page","status-publish","hentry"],"_links":{"self":[{"href":"https:\/\/of-sunshine-tollers.de\/index.php?rest_route=\/wp\/v2\/pages\/79","targetHints":{"allow":["GET"]}}],"collection":[{"href":"https:\/\/of-sunshine-tollers.de\/index.php?rest_route=\/wp\/v2\/pages"}],"about":[{"href":"https:\/\/of-sunshine-tollers.de\/index.php?rest_route=\/wp\/v2\/types\/page"}],"author":[{"embeddable":true,"href":"https:\/\/of-sunshine-tollers.de\/index.php?rest_route=\/wp\/v2\/users\/1"}],"replies":[{"embeddable":true,"href":"https:\/\/of-sunshine-tollers.de\/index.php?rest_route=%2Fwp%2Fv2%2Fcomments&post=79"}],"version-history":[{"count":4,"href":"https:\/\/of-sunshine-tollers.de\/index.php?rest_route=\/wp\/v2\/pages\/79\/revisions"}],"predecessor-version":[{"id":502,"href":"https:\/\/of-sunshine-tollers.de\/index.php?rest_route=\/wp\/v2\/pages\/79\/revisions\/502"}],"wp:attachment":[{"href":"https:\/\/of-sunshine-tollers.de\/index.php?rest_route=%2Fwp%2Fv2%2Fmedia&parent=79"}],"curies":[{"name":"wp","href":"https:\/\/api.w.org\/{rel}","templated":true}]}}