{"id":804,"date":"2025-01-23T16:24:38","date_gmt":"2025-01-23T16:24:38","guid":{"rendered":"https:\/\/of-sunshine-tollers.de\/?page_id=804"},"modified":"2025-03-24T08:48:06","modified_gmt":"2025-03-24T08:48:06","slug":"be-yourself-leo-of-sunshine-tollers","status":"publish","type":"page","link":"https:\/\/of-sunshine-tollers.de\/?page_id=804","title":{"rendered":"Be yourself Leo of Sunshine Tollers"},"content":{"rendered":"\n<figure class=\"wp-block-image aligncenter size-full is-resized\"><img loading=\"lazy\" decoding=\"async\" width=\"667\" height=\"1000\" src=\"https:\/\/of-sunshine-tollers.de\/wp-content\/uploads\/2025\/01\/IMG-20250123-WA0008.jpg\" alt=\"\" class=\"wp-image-807\" style=\"width:431px;height:auto\" srcset=\"https:\/\/of-sunshine-tollers.de\/wp-content\/uploads\/2025\/01\/IMG-20250123-WA0008.jpg 667w, https:\/\/of-sunshine-tollers.de\/wp-content\/uploads\/2025\/01\/IMG-20250123-WA0008-200x300.jpg 200w\" sizes=\"auto, (max-width: 667px) 100vw, 667px\" \/><\/figure>\n\n\n\n<p class=\"has-text-align-center\"><strong>Fakten:<\/strong><\/p>\n\n\n\n<p class=\"has-text-align-center\">Geburtstag: 01.04.2019<\/p>\n\n\n\n<p class=\"has-text-align-center\">Zuchtbuchnummer: DRC-T 19-1510<\/p>\n\n\n\n<p class=\"has-text-align-center\">Stammbaum: <a href=\"https:\/\/nsdtr.breedarchive.com\/animal\/view\/be-yourself-leo-of-sunshine-tollers-b7814b3e-dc1a-4742-999f-bc8d8450bd67\">breed archive<\/a><\/p>\n\n\n\n<p class=\"has-text-align-center\">Gr\u00f6\u00dfe: 51 cm<\/p>\n\n\n\n<p class=\"has-text-align-center\">Gewicht: 20 kg<\/p>\n\n\n\n<p class=\"has-text-align-center\">H\u00fcfte: B1\/B1<\/p>\n\n\n\n<p class=\"has-text-align-center\">Ellbogen: frei\/frei<\/p>\n\n\n\n<p class=\"has-text-align-center\">Augen: RD frei, PRA frei, HC frei<\/p>\n\n\n\n<p class=\"has-text-align-center\">Gentest: prcd-PRA frei, CEA frei, JADD frei, DEN frei<br><br>Fellfarbe: D Locus D\/d1 (heterozygous not &#8218;dilute&#8216;)<\/p>\n\n\n\n<p class=\"has-text-align-center\">Zuchtzulassung am 26.11.2024<\/p>\n\n\n\n<figure class=\"wp-block-image aligncenter size-full is-resized\"><img loading=\"lazy\" decoding=\"async\" width=\"1000\" height=\"667\" src=\"https:\/\/of-sunshine-tollers.de\/wp-content\/uploads\/2025\/01\/IMG-20250123-WA0009.jpg\" alt=\"\" class=\"wp-image-808\" style=\"width:631px;height:auto\" srcset=\"https:\/\/of-sunshine-tollers.de\/wp-content\/uploads\/2025\/01\/IMG-20250123-WA0009.jpg 1000w, https:\/\/of-sunshine-tollers.de\/wp-content\/uploads\/2025\/01\/IMG-20250123-WA0009-300x200.jpg 300w, https:\/\/of-sunshine-tollers.de\/wp-content\/uploads\/2025\/01\/IMG-20250123-WA0009-768x512.jpg 768w\" sizes=\"auto, (max-width: 1000px) 100vw, 1000px\" \/><\/figure>\n\n\n\n<p class=\"has-text-align-center\"><em><strong>Jasmin \u00fcber Leo:<\/strong><\/em><br><br>Leo ist ein sensibler, freundlicher und sanfter R\u00fcde.<\/p>\n\n\n\n<p class=\"has-text-align-center\">Eine treue Seele mit viel &#8222;Will to please&#8220;.<\/p>\n\n\n\n<p class=\"has-text-align-center\">Der Alltag mit Leo ist unkompliziert.<\/p>\n\n\n\n<p class=\"has-text-align-center\">Mit seinem offenen &amp; lustigen Wesen ist er ein gern gesehener Begleiter.<\/p>\n\n\n\n<p class=\"has-text-align-center\">Leo liebt es gemeinsam Zeit mit seinen Menschen zu verbringen. Dabei darf schmusen nicht fehlen.<\/p>\n\n\n\n<p class=\"has-text-align-center\">Er ist f\u00fcr Neues immer zu haben &#8211; doch die Dummyarbeit macht ihm besonders viel Spa\u00df.<\/p>\n\n\n\n<p class=\"has-text-align-center\">Leo konnte die Dummy A mit 75 Punken sehr gut bestehen, was seine Arbeitsfreude zeigt.<\/p>\n\n\n\n<figure class=\"wp-block-image aligncenter size-full is-resized\"><img loading=\"lazy\" decoding=\"async\" width=\"1000\" height=\"667\" src=\"https:\/\/of-sunshine-tollers.de\/wp-content\/uploads\/2025\/01\/IMG-20250123-WA0010.jpg\" alt=\"\" class=\"wp-image-809\" style=\"width:661px;height:auto\" srcset=\"https:\/\/of-sunshine-tollers.de\/wp-content\/uploads\/2025\/01\/IMG-20250123-WA0010.jpg 1000w, https:\/\/of-sunshine-tollers.de\/wp-content\/uploads\/2025\/01\/IMG-20250123-WA0010-300x200.jpg 300w, https:\/\/of-sunshine-tollers.de\/wp-content\/uploads\/2025\/01\/IMG-20250123-WA0010-768x512.jpg 768w\" sizes=\"auto, (max-width: 1000px) 100vw, 1000px\" \/><\/figure>\n\n\n\n<p class=\"has-text-align-center\">Leo steht ab sofort&nbsp;geeigneten H\u00fcndinnen zum Decken zur Verf\u00fcgung!<\/p>\n\n\n\n<p class=\"has-text-align-center\">Anfragen bitte \u00fcber diese Hompage.<\/p>\n","protected":false},"excerpt":{"rendered":"<p>Fakten: Geburtstag: 01.04.2019 Zuchtbuchnummer: DRC-T 19-1510 Stammbaum: breed archive Gr\u00f6\u00dfe: 51 cm Gewicht: 20 kg H\u00fcfte: B1\/B1 Ellbogen: frei\/frei Augen: [&hellip;]<\/p>\n","protected":false},"author":1,"featured_media":0,"parent":82,"menu_order":0,"comment_status":"closed","ping_status":"closed","template":"","meta":{"site-sidebar-layout":"default","site-content-layout":"","ast-site-content-layout":"default","site-content-style":"default","site-sidebar-style":"default","ast-global-header-display":"","ast-banner-title-visibility":"","ast-main-header-display":"","ast-hfb-above-header-display":"","ast-hfb-below-header-display":"","ast-hfb-mobile-header-display":"","site-post-title":"","ast-breadcrumbs-content":"","ast-featured-img":"","footer-sml-layout":"","ast-disable-related-posts":"","theme-transparent-header-meta":"","adv-header-id-meta":"","stick-header-meta":"","header-above-stick-meta":"","header-main-stick-meta":"","header-below-stick-meta":"","astra-migrate-meta-layouts":"default","ast-page-background-enabled":"default","ast-page-background-meta":{"desktop":{"background-color":"var(--ast-global-color-4)","background-image":"","background-repeat":"repeat","background-position":"center center","background-size":"auto","background-attachment":"scroll","background-type":"","background-media":"","overlay-type":"","overlay-color":"","overlay-opacity":"","overlay-gradient":""},"tablet":{"background-color":"","background-image":"","background-repeat":"repeat","background-position":"center center","background-size":"auto","background-attachment":"scroll","background-type":"","background-media":"","overlay-type":"","overlay-color":"","overlay-opacity":"","overlay-gradient":""},"mobile":{"background-color":"","background-image":"","background-repeat":"repeat","background-position":"center center","background-size":"auto","background-attachment":"scroll","background-type":"","background-media":"","overlay-type":"","overlay-color":"","overlay-opacity":"","overlay-gradient":""}},"ast-content-background-meta":{"desktop":{"background-color":"var(--ast-global-color-5)","background-image":"","background-repeat":"repeat","background-position":"center center","background-size":"auto","background-attachment":"scroll","background-type":"","background-media":"","overlay-type":"","overlay-color":"","overlay-opacity":"","overlay-gradient":""},"tablet":{"background-color":"var(--ast-global-color-5)","background-image":"","background-repeat":"repeat","background-position":"center center","background-size":"auto","background-attachment":"scroll","background-type":"","background-media":"","overlay-type":"","overlay-color":"","overlay-opacity":"","overlay-gradient":""},"mobile":{"background-color":"var(--ast-global-color-5)","background-image":"","background-repeat":"repeat","background-position":"center center","background-size":"auto","background-attachment":"scroll","background-type":"","background-media":"","overlay-type":"","overlay-color":"","overlay-opacity":"","overlay-gradient":""}},"footnotes":""},"class_list":["post-804","page","type-page","status-publish","hentry"],"_links":{"self":[{"href":"https:\/\/of-sunshine-tollers.de\/index.php?rest_route=\/wp\/v2\/pages\/804","targetHints":{"allow":["GET"]}}],"collection":[{"href":"https:\/\/of-sunshine-tollers.de\/index.php?rest_route=\/wp\/v2\/pages"}],"about":[{"href":"https:\/\/of-sunshine-tollers.de\/index.php?rest_route=\/wp\/v2\/types\/page"}],"author":[{"embeddable":true,"href":"https:\/\/of-sunshine-tollers.de\/index.php?rest_route=\/wp\/v2\/users\/1"}],"replies":[{"embeddable":true,"href":"https:\/\/of-sunshine-tollers.de\/index.php?rest_route=%2Fwp%2Fv2%2Fcomments&post=804"}],"version-history":[{"count":10,"href":"https:\/\/of-sunshine-tollers.de\/index.php?rest_route=\/wp\/v2\/pages\/804\/revisions"}],"predecessor-version":[{"id":864,"href":"https:\/\/of-sunshine-tollers.de\/index.php?rest_route=\/wp\/v2\/pages\/804\/revisions\/864"}],"up":[{"embeddable":true,"href":"https:\/\/of-sunshine-tollers.de\/index.php?rest_route=\/wp\/v2\/pages\/82"}],"wp:attachment":[{"href":"https:\/\/of-sunshine-tollers.de\/index.php?rest_route=%2Fwp%2Fv2%2Fmedia&parent=804"}],"curies":[{"name":"wp","href":"https:\/\/api.w.org\/{rel}","templated":true}]}}