{"id":855,"date":"2025-03-24T07:13:41","date_gmt":"2025-03-24T07:13:41","guid":{"rendered":"https:\/\/of-sunshine-tollers.de\/?page_id=855"},"modified":"2025-04-30T13:01:54","modified_gmt":"2025-04-30T13:01:54","slug":"dumpling-diego-of-sunshine-tollers","status":"publish","type":"page","link":"https:\/\/of-sunshine-tollers.de\/?page_id=855","title":{"rendered":"Dumpling Diego of Sunshine Tollers"},"content":{"rendered":"\n<figure class=\"wp-block-image aligncenter size-large is-resized\"><img loading=\"lazy\" decoding=\"async\" width=\"819\" height=\"1024\" src=\"https:\/\/of-sunshine-tollers.de\/wp-content\/uploads\/2025\/04\/IMG-20250430-WA0002-819x1024.jpg\" alt=\"\" class=\"wp-image-881\" style=\"width:500px;height:auto\" srcset=\"https:\/\/of-sunshine-tollers.de\/wp-content\/uploads\/2025\/04\/IMG-20250430-WA0002-819x1024.jpg 819w, https:\/\/of-sunshine-tollers.de\/wp-content\/uploads\/2025\/04\/IMG-20250430-WA0002-240x300.jpg 240w, https:\/\/of-sunshine-tollers.de\/wp-content\/uploads\/2025\/04\/IMG-20250430-WA0002-768x961.jpg 768w, https:\/\/of-sunshine-tollers.de\/wp-content\/uploads\/2025\/04\/IMG-20250430-WA0002-1228x1536.jpg 1228w, https:\/\/of-sunshine-tollers.de\/wp-content\/uploads\/2025\/04\/IMG-20250430-WA0002.jpg 1279w\" sizes=\"auto, (max-width: 819px) 100vw, 819px\" \/><\/figure>\n\n\n\n<p class=\"has-text-align-center\"><strong>Fakten:<\/strong><\/p>\n\n\n\n<p class=\"has-text-align-center\">Geburtstag: 22.03.2021<\/p>\n\n\n\n<p class=\"has-text-align-center\">Zuchtbuchnummer: DRC-T 21-1804<\/p>\n\n\n\n<p class=\"has-text-align-center\">Stammbaum: <a href=\"https:\/\/nsdtr.breedarchive.com\/animal\/view\/dumpling-diego-of-sunshine-tollers-113f264e-319f-493b-921e-b36789b08e71\">breed archive<\/a><\/p>\n\n\n\n<p class=\"has-text-align-center\">Gr\u00f6\u00dfe: 48,5 cm<\/p>\n\n\n\n<p class=\"has-text-align-center\">Gewicht: 19 Kg<\/p>\n\n\n\n<p class=\"has-text-align-center\">H\u00fcfte: B1\/B1<\/p>\n\n\n\n<p class=\"has-text-align-center\">Ellbogen: frei\/frei<\/p>\n\n\n\n<p class=\"has-text-align-center\">Augen: RD: frei, PRA: frei, HC frei<\/p>\n\n\n\n<p class=\"has-text-align-center\">Gentest: prcd-PRA frei, DM frei, CEA frei, JADD frei, CDDY frei, DE frei, CLPS frei, CP 1 Tr\u00e4ger<\/p>\n\n\n\n<p class=\"has-text-align-center\">Fellfarbe: D Lokus D\/D (non-dilute)<\/p>\n\n\n\n<p class=\"has-text-align-center\">Zuchtzulassung am 12.03.2025<\/p>\n\n\n\n<figure class=\"wp-block-gallery has-nested-images columns-default is-cropped wp-block-gallery-1 is-layout-flex wp-block-gallery-is-layout-flex\">\n<figure class=\"wp-block-image size-large is-resized\"><img loading=\"lazy\" decoding=\"async\" width=\"1024\" height=\"682\" data-id=\"854\" src=\"https:\/\/of-sunshine-tollers.de\/wp-content\/uploads\/2025\/03\/1000155192-1024x682.jpg\" alt=\"\" class=\"wp-image-854\" style=\"width:586px;height:auto\" srcset=\"https:\/\/of-sunshine-tollers.de\/wp-content\/uploads\/2025\/03\/1000155192-1024x682.jpg 1024w, https:\/\/of-sunshine-tollers.de\/wp-content\/uploads\/2025\/03\/1000155192-300x200.jpg 300w, https:\/\/of-sunshine-tollers.de\/wp-content\/uploads\/2025\/03\/1000155192-768x512.jpg 768w, https:\/\/of-sunshine-tollers.de\/wp-content\/uploads\/2025\/03\/1000155192-1536x1023.jpg 1536w, https:\/\/of-sunshine-tollers.de\/wp-content\/uploads\/2025\/03\/1000155192.jpg 1600w\" sizes=\"auto, (max-width: 1024px) 100vw, 1024px\" \/><\/figure>\n\n\n\n<figure class=\"wp-block-image size-large is-resized\"><img loading=\"lazy\" decoding=\"async\" width=\"1024\" height=\"804\" data-id=\"852\" src=\"https:\/\/of-sunshine-tollers.de\/wp-content\/uploads\/2025\/03\/1000155189-1024x804.jpg\" alt=\"\" class=\"wp-image-852\" style=\"width:583px;height:auto\" srcset=\"https:\/\/of-sunshine-tollers.de\/wp-content\/uploads\/2025\/03\/1000155189-1024x804.jpg 1024w, https:\/\/of-sunshine-tollers.de\/wp-content\/uploads\/2025\/03\/1000155189-300x236.jpg 300w, https:\/\/of-sunshine-tollers.de\/wp-content\/uploads\/2025\/03\/1000155189-768x603.jpg 768w, https:\/\/of-sunshine-tollers.de\/wp-content\/uploads\/2025\/03\/1000155189-1536x1206.jpg 1536w, https:\/\/of-sunshine-tollers.de\/wp-content\/uploads\/2025\/03\/1000155189.jpg 1870w\" sizes=\"auto, (max-width: 1024px) 100vw, 1024px\" \/><\/figure>\n<\/figure>\n\n\n\n<p class=\"has-text-align-center\"><strong><em>Judith \u00fcber Diego:<\/em><\/strong><br><br>Diego ist ein angenehmer Begleiter in allen Situationen, die der Alltag mit sich bringt. In meiner Freizeit treibe ich sehr gerne Sport. Egal ob joggen, wandern, Fahrrad fahren oder schwimmen, Diego begleitet mich begeistert. Durch seinen ausgepr\u00e4gten \u201ewill to please\u201c macht auch jede Art von Arbeit mit ihm gro\u00dfen Spa\u00df. Seine gr\u00f6\u00dfte Leidenschaft ist jedoch die Dummyarbeit, ohne die er sich sein Leben nicht vorstellen kann. Dabei arbeitet er sehr konzentriert. Durch seine Gel\u00e4ndeh\u00e4rte und seine sehr gute Nase findet er alle Dummys zuverl\u00e4ssig. Mit 1,5 Jahren besteht er die Dummy A mit \u201esehr gut\u201c. Seit Sommer 2024 starten wir auf diversen WT A.<\/p>\n\n\n\n<figure class=\"wp-block-image aligncenter size-large is-resized\"><img loading=\"lazy\" decoding=\"async\" width=\"819\" height=\"1024\" src=\"https:\/\/of-sunshine-tollers.de\/wp-content\/uploads\/2025\/04\/IMG-20250430-WA0003-819x1024.jpg\" alt=\"\" class=\"wp-image-882\" style=\"width:437px;height:auto\" srcset=\"https:\/\/of-sunshine-tollers.de\/wp-content\/uploads\/2025\/04\/IMG-20250430-WA0003-819x1024.jpg 819w, https:\/\/of-sunshine-tollers.de\/wp-content\/uploads\/2025\/04\/IMG-20250430-WA0003-240x300.jpg 240w, https:\/\/of-sunshine-tollers.de\/wp-content\/uploads\/2025\/04\/IMG-20250430-WA0003-768x960.jpg 768w, https:\/\/of-sunshine-tollers.de\/wp-content\/uploads\/2025\/04\/IMG-20250430-WA0003-1229x1536.jpg 1229w, https:\/\/of-sunshine-tollers.de\/wp-content\/uploads\/2025\/04\/IMG-20250430-WA0003.jpg 1280w\" sizes=\"auto, (max-width: 819px) 100vw, 819px\" \/><\/figure>\n\n\n\n<p class=\"has-text-align-center\">Diego steht ab sofort geeigneten H\u00fcndinnen zum Decken zur Verf\u00fcgung!<\/p>\n\n\n\n<p class=\"has-text-align-center\">Anfragen bitte \u00fcber diese Homepage.<\/p>\n\n\n\n<p><\/p>\n","protected":false},"excerpt":{"rendered":"<p>Fakten: Geburtstag: 22.03.2021 Zuchtbuchnummer: DRC-T 21-1804 Stammbaum: breed archive Gr\u00f6\u00dfe: 48,5 cm Gewicht: 19 Kg H\u00fcfte: B1\/B1 Ellbogen: frei\/frei Augen: [&hellip;]<\/p>\n","protected":false},"author":1,"featured_media":0,"parent":82,"menu_order":0,"comment_status":"closed","ping_status":"closed","template":"","meta":{"site-sidebar-layout":"default","site-content-layout":"","ast-site-content-layout":"default","site-content-style":"default","site-sidebar-style":"default","ast-global-header-display":"","ast-banner-title-visibility":"","ast-main-header-display":"","ast-hfb-above-header-display":"","ast-hfb-below-header-display":"","ast-hfb-mobile-header-display":"","site-post-title":"","ast-breadcrumbs-content":"","ast-featured-img":"","footer-sml-layout":"","ast-disable-related-posts":"","theme-transparent-header-meta":"","adv-header-id-meta":"","stick-header-meta":"","header-above-stick-meta":"","header-main-stick-meta":"","header-below-stick-meta":"","astra-migrate-meta-layouts":"default","ast-page-background-enabled":"default","ast-page-background-meta":{"desktop":{"background-color":"var(--ast-global-color-4)","background-image":"","background-repeat":"repeat","background-position":"center center","background-size":"auto","background-attachment":"scroll","background-type":"","background-media":"","overlay-type":"","overlay-color":"","overlay-opacity":"","overlay-gradient":""},"tablet":{"background-color":"","background-image":"","background-repeat":"repeat","background-position":"center center","background-size":"auto","background-attachment":"scroll","background-type":"","background-media":"","overlay-type":"","overlay-color":"","overlay-opacity":"","overlay-gradient":""},"mobile":{"background-color":"","background-image":"","background-repeat":"repeat","background-position":"center center","background-size":"auto","background-attachment":"scroll","background-type":"","background-media":"","overlay-type":"","overlay-color":"","overlay-opacity":"","overlay-gradient":""}},"ast-content-background-meta":{"desktop":{"background-color":"var(--ast-global-color-5)","background-image":"","background-repeat":"repeat","background-position":"center center","background-size":"auto","background-attachment":"scroll","background-type":"","background-media":"","overlay-type":"","overlay-color":"","overlay-opacity":"","overlay-gradient":""},"tablet":{"background-color":"var(--ast-global-color-5)","background-image":"","background-repeat":"repeat","background-position":"center center","background-size":"auto","background-attachment":"scroll","background-type":"","background-media":"","overlay-type":"","overlay-color":"","overlay-opacity":"","overlay-gradient":""},"mobile":{"background-color":"var(--ast-global-color-5)","background-image":"","background-repeat":"repeat","background-position":"center center","background-size":"auto","background-attachment":"scroll","background-type":"","background-media":"","overlay-type":"","overlay-color":"","overlay-opacity":"","overlay-gradient":""}},"footnotes":""},"class_list":["post-855","page","type-page","status-publish","hentry"],"_links":{"self":[{"href":"https:\/\/of-sunshine-tollers.de\/index.php?rest_route=\/wp\/v2\/pages\/855","targetHints":{"allow":["GET"]}}],"collection":[{"href":"https:\/\/of-sunshine-tollers.de\/index.php?rest_route=\/wp\/v2\/pages"}],"about":[{"href":"https:\/\/of-sunshine-tollers.de\/index.php?rest_route=\/wp\/v2\/types\/page"}],"author":[{"embeddable":true,"href":"https:\/\/of-sunshine-tollers.de\/index.php?rest_route=\/wp\/v2\/users\/1"}],"replies":[{"embeddable":true,"href":"https:\/\/of-sunshine-tollers.de\/index.php?rest_route=%2Fwp%2Fv2%2Fcomments&post=855"}],"version-history":[{"count":10,"href":"https:\/\/of-sunshine-tollers.de\/index.php?rest_route=\/wp\/v2\/pages\/855\/revisions"}],"predecessor-version":[{"id":887,"href":"https:\/\/of-sunshine-tollers.de\/index.php?rest_route=\/wp\/v2\/pages\/855\/revisions\/887"}],"up":[{"embeddable":true,"href":"https:\/\/of-sunshine-tollers.de\/index.php?rest_route=\/wp\/v2\/pages\/82"}],"wp:attachment":[{"href":"https:\/\/of-sunshine-tollers.de\/index.php?rest_route=%2Fwp%2Fv2%2Fmedia&parent=855"}],"curies":[{"name":"wp","href":"https:\/\/api.w.org\/{rel}","templated":true}]}}