{"id":88,"date":"2024-07-28T08:59:28","date_gmt":"2024-07-28T08:59:28","guid":{"rendered":"https:\/\/of-sunshine-tollers.de\/?page_id=88"},"modified":"2024-10-11T21:44:43","modified_gmt":"2024-10-11T21:44:43","slug":"toller-infos","status":"publish","type":"page","link":"https:\/\/of-sunshine-tollers.de\/?page_id=88","title":{"rendered":"Toller Infos"},"content":{"rendered":"\n<figure class=\"wp-block-image aligncenter size-large is-resized\"><img loading=\"lazy\" decoding=\"async\" width=\"1024\" height=\"575\" src=\"https:\/\/of-sunshine-tollers.de\/wp-content\/uploads\/2024\/07\/1-Toller-Infos-1024x575.jpg\" alt=\"\" class=\"wp-image-294\" style=\"width:680px;height:auto\" srcset=\"https:\/\/of-sunshine-tollers.de\/wp-content\/uploads\/2024\/07\/1-Toller-Infos-1024x575.jpg 1024w, https:\/\/of-sunshine-tollers.de\/wp-content\/uploads\/2024\/07\/1-Toller-Infos-300x169.jpg 300w, https:\/\/of-sunshine-tollers.de\/wp-content\/uploads\/2024\/07\/1-Toller-Infos-768x432.jpg 768w, https:\/\/of-sunshine-tollers.de\/wp-content\/uploads\/2024\/07\/1-Toller-Infos.jpg 1146w\" sizes=\"auto, (max-width: 1024px) 100vw, 1024px\" \/><\/figure>\n\n\n\n<p class=\"has-text-align-center\"><strong>Einleitung<\/strong><\/p>\n\n\n\n<p class=\"has-text-align-center\">Auf der Suche nach einem neuen Familienmitglied st\u00f6\u00dft man mitunter auf den Nova Scotia Duck Tolling Retriever (des \u00d6fteren auch &#8222;Toller&#8220; genannt), den kleinsten der sechs Retriever Rassen. Aufgrund der kleineren Gr\u00f6\u00dfe k\u00f6nnte man denken, es sei eine &#8222;Zwergausf\u00fchrung&#8220; des weithin bekannten Golden Retrievers. Weit gefehlt! Der Toller ist ein ausgesprochen aktiver Zeitgenosse und stellt hohe Anforderungen an seinen Besitzer in puncto Ausbildung und Besch\u00e4ftigung.<\/p>\n\n\n\n<figure class=\"wp-block-image aligncenter size-full is-resized\"><img loading=\"lazy\" decoding=\"async\" width=\"1600\" height=\"898\" src=\"https:\/\/of-sunshine-tollers.de\/wp-content\/uploads\/2024\/10\/Bild.jpg\" alt=\"\" class=\"wp-image-694\" style=\"width:681px;height:auto\" srcset=\"https:\/\/of-sunshine-tollers.de\/wp-content\/uploads\/2024\/10\/Bild.jpg 1600w, https:\/\/of-sunshine-tollers.de\/wp-content\/uploads\/2024\/10\/Bild-300x168.jpg 300w, https:\/\/of-sunshine-tollers.de\/wp-content\/uploads\/2024\/10\/Bild-1024x575.jpg 1024w, https:\/\/of-sunshine-tollers.de\/wp-content\/uploads\/2024\/10\/Bild-768x431.jpg 768w, https:\/\/of-sunshine-tollers.de\/wp-content\/uploads\/2024\/10\/Bild-1536x862.jpg 1536w\" sizes=\"auto, (max-width: 1600px) 100vw, 1600px\" \/><\/figure>\n\n\n\n<p class=\"has-text-align-center\"><strong>Aussehen<\/strong><\/p>\n\n\n\n<p class=\"has-text-align-center\">Der Nova Scotia Duck Tolling Retriever (Toller) ist der kleinste aller sechs Retrieverrassen. Er ist ca. 45-48 cm (H\u00fcndinnen) bzw. 48-51cm (R\u00fcden). Sein K\u00f6rperbau ist kraftvoll, kompakt und harmonisch, die Knochensubstanz mittel bis kr\u00e4ftig. Seine Bewegungen sind gepr\u00e4gt durch seine Flinkheit, Wachsamkeit und Entschlossenheit. Sein Ausdruck bei der Arbeit ist aufmerksam und zeigt seine Konzentration und Erregung. Der Toller hat ein pflegeleichtes, wasserabweisendes, mittellanges Fell mit dichter, weicher Unterwolle von orange bis roter Farbe. Gew\u00f6hnlich sind eine oder mehrere wei\u00dfe Markierungen an Pfoten, Brust, Blesse und Rutenspitze vorhanden. Die Pigmentierung an Nase, Lefzen und Augenr\u00e4ndern kann fleischfarben, Ton in Ton mit der Fellfarbe oder schwarz sein.<\/p>\n\n\n\n<figure class=\"wp-block-image aligncenter size-large is-resized\"><img loading=\"lazy\" decoding=\"async\" width=\"1024\" height=\"682\" src=\"https:\/\/of-sunshine-tollers.de\/wp-content\/uploads\/2024\/10\/Bild2-1024x682.jpg\" alt=\"\" class=\"wp-image-695\" style=\"width:671px;height:auto\" srcset=\"https:\/\/of-sunshine-tollers.de\/wp-content\/uploads\/2024\/10\/Bild2-1024x682.jpg 1024w, https:\/\/of-sunshine-tollers.de\/wp-content\/uploads\/2024\/10\/Bild2-300x200.jpg 300w, https:\/\/of-sunshine-tollers.de\/wp-content\/uploads\/2024\/10\/Bild2-768x512.jpg 768w, https:\/\/of-sunshine-tollers.de\/wp-content\/uploads\/2024\/10\/Bild2-1536x1023.jpg 1536w, https:\/\/of-sunshine-tollers.de\/wp-content\/uploads\/2024\/10\/Bild2.jpg 1600w\" sizes=\"auto, (max-width: 1024px) 100vw, 1024px\" \/><\/figure>\n\n\n\n<p class=\"has-text-align-center\"><strong>Charakter<\/strong><\/p>\n\n\n\n<p class=\"has-text-align-center\">Der Nova Scotia Duck Tolling Retriever ist ein intelligenter, temperamentvoller, aktiver und wachsamer Retriever, ohne nerv\u00f6s zu sein, der unbedingt engen Kontakt zu seinem &#8222;Menschenrudel&#8220; braucht.&nbsp; Er ist freundlich und sicher im Umgang mit Menschen, auch mit Kindern und anderen Hunden, mit einem Gef\u00fchl f\u00fcr den Zeitpunkt, wann sein Temperament gefragt ist. Voraussetzung daf\u00fcr ist eine liebevolle, aber sehr konsequente Erziehung ohne H\u00e4rte und viel Zeit, um dem Toller die n\u00f6tige Abwechslung in der Ausbildung zu bieten. Er apportiert f\u00fcr&#8217;s Leben gerne. Seine gro\u00dfe Liebe ist das Wasser. Hat seine Familie den richtigen &#8222;Draht&#8220; zu ihm gefunden, lernt er sehr schnell, was von ihm erwartet wird. Auch bei sehr konsequenter F\u00fchrung testet er allerdings immer wieder seine Grenzen auf&#8217;s Neue. Dies und sein ausgepr\u00e4gter Spieltrieb sowie seine Flinkheit bleiben ihm bis ins hohe Alter erhalten.<\/p>\n\n\n\n<figure class=\"wp-block-image aligncenter size-large is-resized\"><img loading=\"lazy\" decoding=\"async\" width=\"683\" height=\"1024\" src=\"https:\/\/of-sunshine-tollers.de\/wp-content\/uploads\/2024\/10\/Bild10-683x1024.jpg\" alt=\"\" class=\"wp-image-710\" style=\"width:390px;height:auto\" srcset=\"https:\/\/of-sunshine-tollers.de\/wp-content\/uploads\/2024\/10\/Bild10-683x1024.jpg 683w, https:\/\/of-sunshine-tollers.de\/wp-content\/uploads\/2024\/10\/Bild10-200x300.jpg 200w, https:\/\/of-sunshine-tollers.de\/wp-content\/uploads\/2024\/10\/Bild10-768x1152.jpg 768w, https:\/\/of-sunshine-tollers.de\/wp-content\/uploads\/2024\/10\/Bild10-1024x1536.jpg 1024w, https:\/\/of-sunshine-tollers.de\/wp-content\/uploads\/2024\/10\/Bild10.jpg 1067w\" sizes=\"auto, (max-width: 683px) 100vw, 683px\" \/><\/figure>\n\n\n\n<p class=\"has-text-align-center\"><strong>Geschichte<\/strong><\/p>\n\n\n\n<p class=\"has-text-align-center\">Der genaue Ursprung dieser Rasse konnte bisher nicht mit voller Sicherheit rekonstruiert werden. Eine Theorie beschreibt, dass der Nova Scotia Duck Tolling Retriever in Kanada gez\u00fcchtet wurde, um eine Fuchsart zu imitieren, die durch Spiel am Ufer die Enten heranlockt. Die J\u00e4ger wollten sich diese Jagdart zunutze machen und z\u00fcchteten einen Hund mit hohem Spieltrieb, dem Aussehen dieser F\u00fcchse sowie den Anlagen zum Apportieren. Au\u00dferdem musste er robust genug f\u00fcr die Arbeit im kalten Wasser sein. Andere Theorien gehen davon aus, dass sich der Toller parallel zum Kooikerhondje entwickelt hat. Die ersten Toller wurden um 1900 herum unter dem Namen Little River Duck Dog bekannt. Der Nova Scotia Duck Tolling Retriever ist seit 1945 als eigenst\u00e4ndige Rasse anerkannt und wird seit etwa 1997 auch in Deutschland gez\u00fcchtet.<\/p>\n\n\n\n<figure class=\"wp-block-image aligncenter size-full is-resized\"><img loading=\"lazy\" decoding=\"async\" width=\"600\" height=\"400\" src=\"https:\/\/of-sunshine-tollers.de\/wp-content\/uploads\/2024\/10\/Bild3.jpg\" alt=\"\" class=\"wp-image-696\" style=\"width:591px;height:auto\" srcset=\"https:\/\/of-sunshine-tollers.de\/wp-content\/uploads\/2024\/10\/Bild3.jpg 600w, https:\/\/of-sunshine-tollers.de\/wp-content\/uploads\/2024\/10\/Bild3-300x200.jpg 300w\" sizes=\"auto, (max-width: 600px) 100vw, 600px\" \/><\/figure>\n\n\n\n<p class=\"has-text-align-center\"><strong>Der Toller als Jagdhund<\/strong><\/p>\n\n\n\n<p class=\"has-text-align-center\">Der Nova Scotia Duck Tolling Retriever ist ein vielseitig einsetzbarer, wasserfreudiger Jagdhelfer mit hohem Arbeitstempo.&nbsp; Zur \u00fcblichen Retrieverarbeit nach dem Schuss verf\u00fcgt er \u00fcber die F\u00e4higkeiten zum Tolling (siehe Wortweiser). Seine Hauptpassion ist die Wasserarbeit, d.h. das Apportieren von Enten, G\u00e4nsen etc. aus dem Wasser oder Schilf. Hierbei legt er eine gro\u00dfe Ausdauer an den Tag. Seine kleinere K\u00f6rpergr\u00f6\u00dfe im Vergleich zu den anderen Retrievern ist dabei kaum ein Hindernis. An Land ist er durch seinen ausgesprochenen Findewillen ebenso ein zuverl\u00e4ssiger Partner bei Niederwildjagden und der Nachsuche auf Schalenwild. Ein Jagdhund, der blitzschnell vom Spiel im Familienleben zur ernsten Jagdarbeit umstellen kann.<\/p>\n\n\n\n<figure class=\"wp-block-image aligncenter size-full\"><img loading=\"lazy\" decoding=\"async\" width=\"344\" height=\"516\" src=\"https:\/\/of-sunshine-tollers.de\/wp-content\/uploads\/2024\/07\/7-Toller-Infos.jpg\" alt=\"\" class=\"wp-image-301\" srcset=\"https:\/\/of-sunshine-tollers.de\/wp-content\/uploads\/2024\/07\/7-Toller-Infos.jpg 344w, https:\/\/of-sunshine-tollers.de\/wp-content\/uploads\/2024\/07\/7-Toller-Infos-200x300.jpg 200w\" sizes=\"auto, (max-width: 344px) 100vw, 344px\" \/><\/figure>\n\n\n\n<p class=\"has-text-align-center\"><strong>Ausbildung<\/strong><\/p>\n\n\n\n<p class=\"has-text-align-center\">Die Ausbildung des Nova Scotia Duck Tolling Retrievers erfordert sehr viel liebevolle Konsequenz ohne H\u00e4rte, viel Fantasie und die F\u00e4higkeit, sich selbst im Umgang mit seinem Hund zu beobachten. Er ben\u00f6tigt viel Abwechslung bei den Lektionen. Seine Intelligenz und unerm\u00fcdliche Neugierde fordern von seinem Ausbilder sehr viel Fingerspitzengef\u00fchl, sein hohes Tempo eine ausgesprochen schnelle Reaktion auf unerw\u00fcnschte Verhaltensweisen. Kleinste Inkonsequenzen in der F\u00fchrung und Ausbildung nutzt er gerne f\u00fcr sich und seine Ziele aus. Rein aus Neugierde versucht er stets so weit zu gehen, wie man es zul\u00e4sst, auch wenn dies nicht gerade der leichteste oder angenehmste Weg f\u00fcr ihn ist. Akzeptiert er seinen F\u00fchrer, lernt er gerne und schnell, tut er dies nicht, kann er ausgesprochen stur werden. Mit reinen Begleithundeaufgaben ist er im Normalfall nicht ganz ausgelastet, Zusatzaufgaben in Form von Apportiertraining, Rettungshundearbeit, Agility, Hundesport oder \u00c4hnlichem sind auf jeden Fall empfehlenswert.<\/p>\n\n\n\n<figure class=\"wp-block-image aligncenter size-full is-resized\"><img loading=\"lazy\" decoding=\"async\" width=\"857\" height=\"857\" src=\"https:\/\/of-sunshine-tollers.de\/wp-content\/uploads\/2024\/10\/Bild5.jpg\" alt=\"\" class=\"wp-image-699\" style=\"width:313px;height:auto\" srcset=\"https:\/\/of-sunshine-tollers.de\/wp-content\/uploads\/2024\/10\/Bild5.jpg 857w, https:\/\/of-sunshine-tollers.de\/wp-content\/uploads\/2024\/10\/Bild5-300x300.jpg 300w, https:\/\/of-sunshine-tollers.de\/wp-content\/uploads\/2024\/10\/Bild5-150x150.jpg 150w, https:\/\/of-sunshine-tollers.de\/wp-content\/uploads\/2024\/10\/Bild5-768x768.jpg 768w\" sizes=\"auto, (max-width: 857px) 100vw, 857px\" \/><\/figure>\n\n\n\n<p class=\"has-text-align-center\"><strong>Alternative Ausbildung<\/strong><\/p>\n\n\n\n<p class=\"has-text-align-center\">Alle Hundesportarten, bei denen er seine Wendigkeit und Spritzigkeit ausleben kann und, die zudem auch seine Intelligenz fordern,&nbsp;wie z.B. Agility oder Flyball nimmt er gerne an. Auch als Rettungshund findet er durch seine Neugierde und das bedingungslose Vertrauen, das er zu seiner Leitperson aufbauen kann, mittlerweile Anerkennung. Seine Lieblingsbesch\u00e4ftigung bleibt allerdings das Apportieren. Die Dummyarbeit ist daf\u00fcr ein ausgezeichnetes Bet\u00e4tigungsfeld. Dem Besitzer sind bei der Aufgabenstellung kaum Grenzen gesetzt. Wird dem Toller keine seinem Temperament entsprechende Besch\u00e4ftigung angeboten, ist er intelligent genug, sich selbst ein Bet\u00e4tigungsfeld zu suchen, das sich nicht immer mit den Interessen seines Besitzers vereinbaren l\u00e4sst.<\/p>\n\n\n\n<figure class=\"wp-block-image aligncenter size-full is-resized\"><img loading=\"lazy\" decoding=\"async\" width=\"1600\" height=\"1068\" src=\"https:\/\/of-sunshine-tollers.de\/wp-content\/uploads\/2024\/10\/Bild4.jpg\" alt=\"\" class=\"wp-image-698\" style=\"width:587px;height:auto\" srcset=\"https:\/\/of-sunshine-tollers.de\/wp-content\/uploads\/2024\/10\/Bild4.jpg 1600w, https:\/\/of-sunshine-tollers.de\/wp-content\/uploads\/2024\/10\/Bild4-300x200.jpg 300w, https:\/\/of-sunshine-tollers.de\/wp-content\/uploads\/2024\/10\/Bild4-1024x684.jpg 1024w, https:\/\/of-sunshine-tollers.de\/wp-content\/uploads\/2024\/10\/Bild4-768x513.jpg 768w, https:\/\/of-sunshine-tollers.de\/wp-content\/uploads\/2024\/10\/Bild4-1536x1025.jpg 1536w\" sizes=\"auto, (max-width: 1600px) 100vw, 1600px\" \/><\/figure>\n\n\n\n<p class=\"has-text-align-center\"><strong>Anforderungen an den Tollerbesitzer<\/strong><\/p>\n\n\n\n<p class=\"has-text-align-center\">Der Nova Scotia Duck Tolling Retriever ist ein aktiver Hund f\u00fcr aktive Besitzer, die eine Herausforderung lieben. Er macht alles mit und ist am liebsten \u00fcberall dabei. Er braucht engen Familienanschluss. Wenn man sich einen Toller anschaffen m\u00f6chte, sollte man bereit sein, viel Zeit und Phantasie in der Ausbildung aufzuwenden. So wird er zum angenehmen Begleiter, der sich gut benehmen kann. Er liebt unangeleinte ausgedehnte Spazierg\u00e4nge in der freien Natur gepaart mit Aufgaben, bei denen er seine ganze Intelligenz einsetzen darf.<\/p>\n\n\n\n<figure class=\"wp-block-image aligncenter size-full is-resized\"><img loading=\"lazy\" decoding=\"async\" width=\"1066\" height=\"1600\" src=\"https:\/\/of-sunshine-tollers.de\/wp-content\/uploads\/2024\/10\/Bild9.jpg\" alt=\"\" class=\"wp-image-703\" style=\"width:378px;height:auto\" srcset=\"https:\/\/of-sunshine-tollers.de\/wp-content\/uploads\/2024\/10\/Bild9.jpg 1066w, https:\/\/of-sunshine-tollers.de\/wp-content\/uploads\/2024\/10\/Bild9-200x300.jpg 200w, https:\/\/of-sunshine-tollers.de\/wp-content\/uploads\/2024\/10\/Bild9-682x1024.jpg 682w, https:\/\/of-sunshine-tollers.de\/wp-content\/uploads\/2024\/10\/Bild9-768x1153.jpg 768w, https:\/\/of-sunshine-tollers.de\/wp-content\/uploads\/2024\/10\/Bild9-1023x1536.jpg 1023w\" sizes=\"auto, (max-width: 1066px) 100vw, 1066px\" \/><\/figure>\n\n\n\n<p class=\"has-text-align-center\"><strong>Andere Tiere<\/strong><\/p>\n\n\n\n<p class=\"has-text-align-center\">Grunds\u00e4tzlich ist der Nova Scotia Duck Tolling Retriever anderen Hunden gegen\u00fcber freundlich gestimmt. Er lernt sehr schnell seinen Platz in einem bestehenden Rudel einzunehmen und sucht von sich aus keinen Streit. Voraussetzung daf\u00fcr ist eine gute Sozialisierung und gute Erfahrungen bei der &#8222;ersten Begegnung&#8220;, die stets gef\u00fchlvoll vorbereitet werden sollte. Das Gleiche gilt f\u00fcr den Umgang mit anderen Haustieren.<\/p>\n\n\n\n<figure class=\"wp-block-image aligncenter size-full is-resized\"><img loading=\"lazy\" decoding=\"async\" width=\"200\" height=\"148\" src=\"https:\/\/of-sunshine-tollers.de\/wp-content\/uploads\/2024\/10\/10-Toller-Infos.jpg\" alt=\"\" class=\"wp-image-705\" style=\"width:377px;height:auto\"\/><\/figure>\n\n\n\n<p class=\"has-text-align-center\"><strong>Gesundheit<\/strong><\/p>\n\n\n\n<p class=\"has-text-align-center\">Die Lebenserwartung eines Nova Scotia Duck Tolling Retrievers betr\u00e4gt 10-13 Jahre, manchmal auch mehr. Er ist robust, neigt nicht zum Kr\u00e4nkeln und kommt durch sein doppeltes Haarkleid auch mit niedrigen Wassertemperaturen sehr gut zurecht. Die h\u00e4ufiger vorkommende Augenerkrankung PRA kann mittlerweile durch Gen-Marker Tests bestimmt und somit in der Zucht ber\u00fccksichtigt werden. Durch eine verantwortungsvolle Selektion der Zuchttiere ist die Rasse auch durch Gelenkerkrankungen nicht \u00fcberm\u00e4\u00dfig belastet. Hin- und wieder kommen Autoimmunst\u00f6rungen (z.B. SRMA) in den ersten 2 Jahren vor, deren genauer Erbgang jedoch noch nicht exakt aufgekl\u00e4rt werden konnte.<\/p>\n\n\n\n<figure class=\"wp-block-image aligncenter size-full is-resized\"><img loading=\"lazy\" decoding=\"async\" width=\"1280\" height=\"1600\" src=\"https:\/\/of-sunshine-tollers.de\/wp-content\/uploads\/2024\/10\/Bild6.jpg\" alt=\"\" class=\"wp-image-700\" style=\"width:466px;height:auto\" srcset=\"https:\/\/of-sunshine-tollers.de\/wp-content\/uploads\/2024\/10\/Bild6.jpg 1280w, https:\/\/of-sunshine-tollers.de\/wp-content\/uploads\/2024\/10\/Bild6-240x300.jpg 240w, https:\/\/of-sunshine-tollers.de\/wp-content\/uploads\/2024\/10\/Bild6-819x1024.jpg 819w, https:\/\/of-sunshine-tollers.de\/wp-content\/uploads\/2024\/10\/Bild6-768x960.jpg 768w, https:\/\/of-sunshine-tollers.de\/wp-content\/uploads\/2024\/10\/Bild6-1229x1536.jpg 1229w\" sizes=\"auto, (max-width: 1280px) 100vw, 1280px\" \/><\/figure>\n\n\n\n<p class=\"has-text-align-center\"><strong>Der Toller im Deutschen Retriever Club (DRC)<\/strong><\/p>\n\n\n\n<p class=\"has-text-align-center\">Der Deutsche Retriever Club (DRC) ist der in Deutschland einzige vom VDH und FCI anerkannte Zuchtverein f\u00fcr den Toller. Der DRC legt gr\u00f6\u00dften Wert auf die Zucht von gesunden, wesensfesten, rassetypischen Jagdhunden. Deshalb muss ein Nova Scotia Duck Tolling Retriever mehrere Tests und Pr\u00fcfungen nachweisen, bevor er zur Zucht zugelassen wird. Dazu geh\u00f6ren H\u00fcft- Ellbogen- und Augenuntersuchungen, ein Wesenstest, eine Begleithunde- und eine Jagd- oder Dummypr\u00fcfung im Anf\u00e4ngerniveau und abschlie\u00dfend eine Formwertbeurteilung durch einen VDH-Richter. Durch diese hohen Anforderungen muss man im Normalfall mehrere Monate auf einen Welpen warten. Die Zuchthunde leben in Privathaushalten als Jagd- und Familienhunde. Beim Toller ist es ausgesprochen wichtig, dass die Welpen schon beim Z\u00fcchter eine gute Sozialisierung und Familienanbindung bekommen. Eine sorgf\u00e4ltige Welpenaufzucht und Pr\u00e4gung ist Grundlage f\u00fcr einen zuverl\u00e4ssigen Begleiter. Ein verantwortungsvoller Z\u00fcchter wird Sie auch bei der Erziehung Ihres Welpen stets begleiten. Nutzen Sie die Wartezeit, um den richtigen Z\u00fcchter zu finden, der Ihnen auch w\u00e4hrend dieser Zeit schon mit wichtigen Informationen und Ratschl\u00e4gen helfen kann. Informieren Sie sich \u00fcber die Zuchtvorausplanungen bei der Welpenvermittlung der Gesch\u00e4ftsstelle des DRC.<\/p>\n\n\n\n<figure class=\"wp-block-image aligncenter size-large is-resized\"><img loading=\"lazy\" decoding=\"async\" width=\"1024\" height=\"753\" src=\"https:\/\/of-sunshine-tollers.de\/wp-content\/uploads\/2024\/10\/Bild7-1024x753.jpg\" alt=\"\" class=\"wp-image-701\" style=\"width:562px;height:auto\" srcset=\"https:\/\/of-sunshine-tollers.de\/wp-content\/uploads\/2024\/10\/Bild7-1024x753.jpg 1024w, https:\/\/of-sunshine-tollers.de\/wp-content\/uploads\/2024\/10\/Bild7-300x221.jpg 300w, https:\/\/of-sunshine-tollers.de\/wp-content\/uploads\/2024\/10\/Bild7-768x565.jpg 768w, https:\/\/of-sunshine-tollers.de\/wp-content\/uploads\/2024\/10\/Bild7.jpg 1308w\" sizes=\"auto, (max-width: 1024px) 100vw, 1024px\" \/><\/figure>\n\n\n\n<p class=\"has-text-align-center\"><strong>Wortweiser: Tolling<\/strong><\/p>\n\n\n\n<p class=\"has-text-align-center\">Das spielerische, mit \u00fcberschie\u00dfenden Bewegungen verbundene Apportieren eines Balles oder St\u00f6ckchens, wodurch das Wasserwild aus gro\u00dfer Distanz in Schussentfernung gelockt wird. Der Ball bzw. das St\u00f6ckchen wird vom F\u00fchrer aus einem Versteck immer wieder ohne Kommando unterschiedlich weit geworfen. Der Hund soll mit steil aufgestellter, wedelnder Rute im Bogen zur\u00fcckkommen. Er darf dabei nicht ins Wasser springen und muss die sich n\u00e4hernden G\u00e4nse oder Enten ignorieren. Dieses Anlocken kann gut \u00bd Stunde andauern. Auf einen Fingerzeig muss der Hund sich absolut standruhig verhalten. Wurden die Enten oder G\u00e4nse anschlie\u00dfend erlegt, muss er sie aus dem Wasser oder Schilf wie auch an Land zuverl\u00e4ssig apportieren.<\/p>\n\n\n\n<figure class=\"wp-block-image aligncenter size-full is-resized\"><img loading=\"lazy\" decoding=\"async\" width=\"507\" height=\"768\" src=\"https:\/\/of-sunshine-tollers.de\/wp-content\/uploads\/2024\/10\/Bild8.jpg\" alt=\"\" class=\"wp-image-702\" style=\"width:314px;height:auto\" srcset=\"https:\/\/of-sunshine-tollers.de\/wp-content\/uploads\/2024\/10\/Bild8.jpg 507w, https:\/\/of-sunshine-tollers.de\/wp-content\/uploads\/2024\/10\/Bild8-198x300.jpg 198w\" sizes=\"auto, (max-width: 507px) 100vw, 507px\" \/><\/figure>\n\n\n\n<p class=\"has-text-align-center\">Ein Rasseportrait von Doris Hoffmann (Rassebetreuerin im Deutschen Retriever Club)<\/p>\n\n\n\n<p><\/p>\n","protected":false},"excerpt":{"rendered":"<p>Einleitung Auf der Suche nach einem neuen Familienmitglied st\u00f6\u00dft man mitunter auf den Nova Scotia Duck Tolling Retriever (des \u00d6fteren [&hellip;]<\/p>\n","protected":false},"author":1,"featured_media":0,"parent":0,"menu_order":0,"comment_status":"closed","ping_status":"closed","template":"","meta":{"site-sidebar-layout":"default","site-content-layout":"","ast-site-content-layout":"default","site-content-style":"default","site-sidebar-style":"default","ast-global-header-display":"","ast-banner-title-visibility":"","ast-main-header-display":"","ast-hfb-above-header-display":"","ast-hfb-below-header-display":"","ast-hfb-mobile-header-display":"","site-post-title":"","ast-breadcrumbs-content":"","ast-featured-img":"","footer-sml-layout":"","ast-disable-related-posts":"","theme-transparent-header-meta":"","adv-header-id-meta":"","stick-header-meta":"","header-above-stick-meta":"","header-main-stick-meta":"","header-below-stick-meta":"","astra-migrate-meta-layouts":"default","ast-page-background-enabled":"default","ast-page-background-meta":{"desktop":{"background-color":"var(--ast-global-color-4)","background-image":"","background-repeat":"repeat","background-position":"center center","background-size":"auto","background-attachment":"scroll","background-type":"","background-media":"","overlay-type":"","overlay-color":"","overlay-opacity":"","overlay-gradient":""},"tablet":{"background-color":"","background-image":"","background-repeat":"repeat","background-position":"center center","background-size":"auto","background-attachment":"scroll","background-type":"","background-media":"","overlay-type":"","overlay-color":"","overlay-opacity":"","overlay-gradient":""},"mobile":{"background-color":"","background-image":"","background-repeat":"repeat","background-position":"center center","background-size":"auto","background-attachment":"scroll","background-type":"","background-media":"","overlay-type":"","overlay-color":"","overlay-opacity":"","overlay-gradient":""}},"ast-content-background-meta":{"desktop":{"background-color":"var(--ast-global-color-5)","background-image":"","background-repeat":"repeat","background-position":"center center","background-size":"auto","background-attachment":"scroll","background-type":"","background-media":"","overlay-type":"","overlay-color":"","overlay-opacity":"","overlay-gradient":""},"tablet":{"background-color":"var(--ast-global-color-5)","background-image":"","background-repeat":"repeat","background-position":"center center","background-size":"auto","background-attachment":"scroll","background-type":"","background-media":"","overlay-type":"","overlay-color":"","overlay-opacity":"","overlay-gradient":""},"mobile":{"background-color":"var(--ast-global-color-5)","background-image":"","background-repeat":"repeat","background-position":"center center","background-size":"auto","background-attachment":"scroll","background-type":"","background-media":"","overlay-type":"","overlay-color":"","overlay-opacity":"","overlay-gradient":""}},"footnotes":""},"class_list":["post-88","page","type-page","status-publish","hentry"],"_links":{"self":[{"href":"https:\/\/of-sunshine-tollers.de\/index.php?rest_route=\/wp\/v2\/pages\/88","targetHints":{"allow":["GET"]}}],"collection":[{"href":"https:\/\/of-sunshine-tollers.de\/index.php?rest_route=\/wp\/v2\/pages"}],"about":[{"href":"https:\/\/of-sunshine-tollers.de\/index.php?rest_route=\/wp\/v2\/types\/page"}],"author":[{"embeddable":true,"href":"https:\/\/of-sunshine-tollers.de\/index.php?rest_route=\/wp\/v2\/users\/1"}],"replies":[{"embeddable":true,"href":"https:\/\/of-sunshine-tollers.de\/index.php?rest_route=%2Fwp%2Fv2%2Fcomments&post=88"}],"version-history":[{"count":17,"href":"https:\/\/of-sunshine-tollers.de\/index.php?rest_route=\/wp\/v2\/pages\/88\/revisions"}],"predecessor-version":[{"id":727,"href":"https:\/\/of-sunshine-tollers.de\/index.php?rest_route=\/wp\/v2\/pages\/88\/revisions\/727"}],"wp:attachment":[{"href":"https:\/\/of-sunshine-tollers.de\/index.php?rest_route=%2Fwp%2Fv2%2Fmedia&parent=88"}],"curies":[{"name":"wp","href":"https:\/\/api.w.org\/{rel}","templated":true}]}}